{"id":1523,"date":"2017-09-02T10:01:01","date_gmt":"2017-09-02T10:01:01","guid":{"rendered":"https:\/\/room66.it\/camerette"},"modified":"2020-02-29T21:10:07","modified_gmt":"2020-02-29T21:10:07","slug":"jugendzimmer","status":"publish","type":"page","link":"https:\/\/room66.it\/de\/jugendzimmer\/","title":{"rendered":"Jungendzimmer"},"content":{"rendered":"[vc_row type=&#8220;in_container&#8220; full_screen_row_position=&#8220;middle&#8220; equal_height=&#8220;yes&#8220; content_placement=&#8220;middle&#8220; column_margin=&#8220;default&#8220; scene_position=&#8220;center&#8220; text_color=&#8220;dark&#8220; text_align=&#8220;left&#8220; top_padding=&#8220;7%&#8220; overlay_strength=&#8220;0.3&#8243; shape_divider_position=&#8220;bottom&#8220; bg_image_animation=&#8220;none&#8220;][vc_column column_padding=&#8220;padding-3-percent&#8220; column_padding_position=&#8220;all&#8220; background_color_opacity=&#8220;1&#8243; background_hover_color_opacity=&#8220;1&#8243; column_link_target=&#8220;_self&#8220; column_shadow=&#8220;none&#8220; column_border_radius=&#8220;none&#8220; width=&#8220;1\/2&#8243; tablet_width_inherit=&#8220;default&#8220; tablet_text_alignment=&#8220;default&#8220; phone_text_alignment=&#8220;default&#8220; overlay_strength=&#8220;0.3&#8243; column_border_width=&#8220;none&#8220; column_border_style=&#8220;solid&#8220; bg_image_animation=&#8220;none&#8220;][vc_column_text css_animation=&#8220;fadeIn&#8220;]\n<h2>Kinder traumzimmer<\/h2>\n<p>Das perfekte jugendzimmer<\/p>\n<p>Familien versuchen zunehmend, ihre Kinder in einem Umfeld zu leben, das ihre Kreativit\u00e4t f\u00f6rdert und ihr Wachstum begleitet.<\/p>\n<p>Es ist nicht leicht, sich im Angebot zu orientieren und aus diesem Grund ist eine Branchenberatung entscheidend, um die richtige Richtung beim Kauf und der Konfiguration eines individuell anpassbaren Schlafzimmers f\u00fcr Sie zu finden.<\/p>\n<p>Furlan modulare Schlafzimmer, mit gro\u00dfer Modularit\u00e4t, ma\u00dfgeschneiderte L\u00f6sungen und 213 Schattierungen des RAL-Bestechungsgeldes, sind definitiv die richtige Wahl.<\/p>\n<p><a href=\"https:\/\/www.furlanfurniture.com\/\" target=\"_blank\" rel=\"noopener\">Furlan<\/a> wurde 1959 gegr\u00fcndet und kann auf 50 Jahre Erfahrung zur\u00fcckblicken, da es ihm gelungen ist, die Ver\u00e4nderungen des Lebens dank der Verwendung von technologisch fortschrittlichen Maschinen und der Leidenschaft f\u00fcr seine Arbeit kontinuierlich zu interpretieren. Die Modularit\u00e4t und die gro\u00dfe Vielseitigkeit der Furlan-Produkte wurde geschaffen, um den vielf\u00e4ltigen Bed\u00fcrfnissen von Wohnr\u00e4umen gerecht zu werden.Furlan hat sich 2012 neben dem bereits konsolidierten italienischen auf den europ\u00e4ischen Markt projiziert und begann die Unternehmensprozesse mit den Konzepten der schlanken Produktion zu reorganisieren ( Lean Production), um das Unternehmen flexibler und effizienter zu machen mit dem Ziel, den Kunden Produkte und Dienstleistungen anzubieten, die mehr und mehr auf ihre Bed\u00fcrfnisse zugeschnitten sind.<br \/>\nAlle Produkte von Furlan respektieren die Umwelt und den Verbraucher und werden ausschlie\u00dflich in Italien hergestellt.[\/vc_column_text][\/vc_column][vc_column centered_text=&#8220;true&#8220; column_padding=&#8220;padding-3-percent&#8220; column_padding_position=&#8220;all&#8220; background_color_opacity=&#8220;1&#8243; background_hover_color_opacity=&#8220;1&#8243; column_link_target=&#8220;_self&#8220; column_shadow=&#8220;none&#8220; column_border_radius=&#8220;none&#8220; width=&#8220;1\/2&#8243; tablet_width_inherit=&#8220;default&#8220; tablet_text_alignment=&#8220;default&#8220; phone_text_alignment=&#8220;default&#8220; overlay_strength=&#8220;0.3&#8243; column_border_width=&#8220;none&#8220; column_border_style=&#8220;solid&#8220; bg_image_animation=&#8220;none&#8220;][nectar_btn size=&#8220;large&#8220; button_style=&#8220;regular&#8220; button_color_2=&#8220;Accent-Color&#8220; icon_family=&#8220;none&#8220; url=&#8220;https:\/\/room66.it\/de\/kontakt\/&#8220; text=&#8220;Kontaktieren Sie uns&#8220;][\/vc_column][\/vc_row][vc_row type=&#8220;full_width_content&#8220; full_screen_row_position=&#8220;middle&#8220; equal_height=&#8220;yes&#8220; content_placement=&#8220;middle&#8220; column_margin=&#8220;default&#8220; scene_position=&#8220;center&#8220; text_color=&#8220;dark&#8220; text_align=&#8220;left&#8220; top_padding=&#8220;7%&#8220; bottom_padding=&#8220;7%&#8220; overlay_strength=&#8220;0.3&#8243; shape_divider_position=&#8220;bottom&#8220; bg_image_animation=&#8220;none&#8220;][vc_column column_padding=&#8220;no-extra-padding&#8220; column_padding_position=&#8220;all&#8220; background_color_opacity=&#8220;1&#8243; background_hover_color_opacity=&#8220;1&#8243; column_link_target=&#8220;_self&#8220; column_shadow=&#8220;none&#8220; column_border_radius=&#8220;none&#8220; width=&#8220;1\/1&#8243; tablet_width_inherit=&#8220;default&#8220; tablet_text_alignment=&#8220;default&#8220; phone_text_alignment=&#8220;default&#8220; overlay_strength=&#8220;0.3&#8243; column_border_width=&#8220;none&#8220; column_border_style=&#8220;solid&#8220; bg_image_animation=&#8220;none&#8220;][vc_gallery type=&#8220;image_grid&#8220; images=&#8220;1194,1195,1197,1198,1199,1201&#8243; layout=&#8220;fullwidth&#8220; masonry_style=&#8220;true&#8220; item_spacing=&#8220;8px&#8220; constrain_max_cols=&#8220;true&#8220; gallery_style=&#8220;2&#8243; load_in_animation=&#8220;fade_in_from_bottom&#8220;][\/vc_column][\/vc_row]\n","protected":false},"excerpt":{"rendered":"<p>[vc_row type=&#8220;in_container&#8220; full_screen_row_position=&#8220;middle&#8220; equal_height=&#8220;yes&#8220; content_placement=&#8220;middle&#8220; column_margin=&#8220;default&#8220; scene_position=&#8220;center&#8220; text_color=&#8220;dark&#8220; text_align=&#8220;left&#8220; top_padding=&#8220;7%&#8220; overlay_strength=&#8220;0.3&#8243; shape_divider_position=&#8220;bottom&#8220; bg_image_animation=&#8220;none&#8220;][vc_column column_padding=&#8220;padding-3-percent&#8220; column_padding_position=&#8220;all&#8220; background_color_opacity=&#8220;1&#8243; background_hover_color_opacity=&#8220;1&#8243; column_link_target=&#8220;_self&#8220; column_shadow=&#8220;none&#8220; column_border_radius=&#8220;none&#8220; width=&#8220;1\/2&#8243; tablet_width_inherit=&#8220;default&#8220; tablet_text_alignment=&#8220;default&#8220; phone_text_alignment=&#8220;default&#8220;&#8230;<\/p>\n","protected":false},"author":1,"featured_media":0,"parent":0,"menu_order":0,"comment_status":"closed","ping_status":"closed","template":"","meta":{"footnotes":""},"class_list":["post-1523","page","type-page","status-publish"],"_links":{"self":[{"href":"https:\/\/room66.it\/de\/wp-json\/wp\/v2\/pages\/1523","targetHints":{"allow":["GET"]}}],"collection":[{"href":"https:\/\/room66.it\/de\/wp-json\/wp\/v2\/pages"}],"about":[{"href":"https:\/\/room66.it\/de\/wp-json\/wp\/v2\/types\/page"}],"author":[{"embeddable":true,"href":"https:\/\/room66.it\/de\/wp-json\/wp\/v2\/users\/1"}],"replies":[{"embeddable":true,"href":"https:\/\/room66.it\/de\/wp-json\/wp\/v2\/comments?post=1523"}],"version-history":[{"count":8,"href":"https:\/\/room66.it\/de\/wp-json\/wp\/v2\/pages\/1523\/revisions"}],"predecessor-version":[{"id":5828,"href":"https:\/\/room66.it\/de\/wp-json\/wp\/v2\/pages\/1523\/revisions\/5828"}],"wp:attachment":[{"href":"https:\/\/room66.it\/de\/wp-json\/wp\/v2\/media?parent=1523"}],"curies":[{"name":"wp","href":"https:\/\/api.w.org\/{rel}","templated":true}]}}