{"id":5648,"date":"2020-02-27T20:55:02","date_gmt":"2020-02-27T20:55:02","guid":{"rendered":"https:\/\/room66.it\/?page_id=5648"},"modified":"2022-03-22T08:40:31","modified_gmt":"2022-03-22T08:40:31","slug":"kuechenzubehoer","status":"publish","type":"page","link":"https:\/\/room66.it\/de\/kuechenzubehoer\/","title":{"rendered":"K\u00fcchenzubeh\u00f6r"},"content":{"rendered":"[vc_row type=&#8220;in_container&#8220; full_screen_row_position=&#8220;middle&#8220; equal_height=&#8220;yes&#8220; content_placement=&#8220;middle&#8220; column_margin=&#8220;default&#8220; scene_position=&#8220;center&#8220; text_color=&#8220;dark&#8220; text_align=&#8220;left&#8220; top_padding=&#8220;7%&#8220; overlay_strength=&#8220;0.3&#8243; shape_divider_position=&#8220;bottom&#8220; bg_image_animation=&#8220;none&#8220;][vc_column column_padding=&#8220;padding-3-percent&#8220; column_padding_position=&#8220;all&#8220; background_color_opacity=&#8220;1&#8243; background_hover_color_opacity=&#8220;1&#8243; column_link_target=&#8220;_self&#8220; column_shadow=&#8220;none&#8220; column_border_radius=&#8220;none&#8220; width=&#8220;1\/6&#8243; tablet_width_inherit=&#8220;default&#8220; tablet_text_alignment=&#8220;default&#8220; phone_text_alignment=&#8220;default&#8220; overlay_strength=&#8220;0.3&#8243; column_border_width=&#8220;none&#8220; column_border_style=&#8220;solid&#8220; bg_image_animation=&#8220;none&#8220; offset=&#8220;vc_hidden-sm vc_hidden-xs&#8220;][\/vc_column][vc_column column_padding=&#8220;no-extra-padding&#8220; column_padding_position=&#8220;all&#8220; background_color_opacity=&#8220;1&#8243; background_hover_color_opacity=&#8220;1&#8243; column_link_target=&#8220;_self&#8220; column_shadow=&#8220;none&#8220; column_border_radius=&#8220;none&#8220; width=&#8220;2\/3&#8243; tablet_width_inherit=&#8220;default&#8220; tablet_text_alignment=&#8220;default&#8220; phone_text_alignment=&#8220;default&#8220; overlay_strength=&#8220;0.3&#8243; column_border_width=&#8220;none&#8220; column_border_style=&#8220;solid&#8220; bg_image_animation=&#8220;none&#8220;][vc_column_text css_animation=&#8220;fadeIn&#8220;]\n<h2>K\u00fcchenzubeh\u00f6r<\/h2>\n<p>Jeder K\u00fcchenwunsch ist individuell und au\u00dfergew\u00f6hnlich. Deshalb ist die perfekte K\u00fcche genau die,\u00a0 die auf Ihre ganz pers\u00f6nlichen Bed\u00fcrfnisse und Gewohnheiten abgestimmt ist. Erleben Sie die vielen\u00a0 M\u00f6glichkeiten zeitgem\u00e4\u00dfer K\u00fcchengestaltungen &#8211; von kleinen K\u00fcchenr\u00e4umen und -tr\u00e4umen \u00fcber komfortable Raumplanungen f\u00fcr die ganze Familie bis zu exklusiven Design-Highlights ist alles m\u00f6glich.\u00a0 Und das bei einem H\u00f6chstma\u00df an Individualit\u00e4t, in au\u00dfergew\u00f6hnlichem Design und mit intelligenten Ausstattungsdetails.[\/vc_column_text][\/vc_column][vc_column column_padding=&#8220;no-extra-padding&#8220; column_padding_position=&#8220;all&#8220; background_color_opacity=&#8220;1&#8243; background_hover_color_opacity=&#8220;1&#8243; column_link_target=&#8220;_self&#8220; column_shadow=&#8220;none&#8220; column_border_radius=&#8220;none&#8220; width=&#8220;1\/6&#8243; tablet_width_inherit=&#8220;default&#8220; tablet_text_alignment=&#8220;default&#8220; phone_text_alignment=&#8220;default&#8220; overlay_strength=&#8220;0.3&#8243; column_border_width=&#8220;none&#8220; column_border_style=&#8220;solid&#8220; bg_image_animation=&#8220;none&#8220; offset=&#8220;vc_hidden-sm vc_hidden-xs&#8220;][\/vc_column][\/vc_row][vc_row type=&#8220;full_width_content&#8220; full_screen_row_position=&#8220;middle&#8220; equal_height=&#8220;yes&#8220; content_placement=&#8220;middle&#8220; column_margin=&#8220;default&#8220; scene_position=&#8220;center&#8220; text_color=&#8220;dark&#8220; text_align=&#8220;left&#8220; top_padding=&#8220;7%&#8220; bottom_padding=&#8220;7%&#8220; overlay_strength=&#8220;0.3&#8243; shape_divider_position=&#8220;bottom&#8220; bg_image_animation=&#8220;none&#8220;][vc_column column_padding=&#8220;no-extra-padding&#8220; column_padding_position=&#8220;all&#8220; background_color_opacity=&#8220;1&#8243; background_hover_color_opacity=&#8220;1&#8243; column_link_target=&#8220;_self&#8220; column_shadow=&#8220;none&#8220; column_border_radius=&#8220;none&#8220; width=&#8220;1\/1&#8243; tablet_width_inherit=&#8220;default&#8220; tablet_text_alignment=&#8220;default&#8220; phone_text_alignment=&#8220;default&#8220; overlay_strength=&#8220;0.3&#8243; column_border_width=&#8220;none&#8220; column_border_style=&#8220;solid&#8220; bg_image_animation=&#8220;none&#8220;][vc_gallery type=&#8220;image_grid&#8220; images=&#8220;5735,5739,5743,5747,5751,5755,5759,5763,5767,5769,5771,5774,5777,5780,5782,5785,5787,5789,5791,5794,5796&#8243; layout=&#8220;fullwidth&#8220; masonry_style=&#8220;true&#8220; bypass_image_cropping=&#8220;true&#8220; item_spacing=&#8220;8px&#8220; constrain_max_cols=&#8220;true&#8220; gallery_style=&#8220;2&#8243; load_in_animation=&#8220;fade_in_from_bottom&#8220; img_size=&#8220;large&#8220;][\/vc_column][\/vc_row]\n","protected":false},"excerpt":{"rendered":"<p>[vc_row type=&#8220;in_container&#8220; full_screen_row_position=&#8220;middle&#8220; equal_height=&#8220;yes&#8220; content_placement=&#8220;middle&#8220; column_margin=&#8220;default&#8220; scene_position=&#8220;center&#8220; text_color=&#8220;dark&#8220; text_align=&#8220;left&#8220; top_padding=&#8220;7%&#8220; overlay_strength=&#8220;0.3&#8243; shape_divider_position=&#8220;bottom&#8220; bg_image_animation=&#8220;none&#8220;][vc_column column_padding=&#8220;padding-3-percent&#8220; column_padding_position=&#8220;all&#8220; background_color_opacity=&#8220;1&#8243; background_hover_color_opacity=&#8220;1&#8243; column_link_target=&#8220;_self&#8220; column_shadow=&#8220;none&#8220; column_border_radius=&#8220;none&#8220; width=&#8220;1\/6&#8243; tablet_width_inherit=&#8220;default&#8220; tablet_text_alignment=&#8220;default&#8220; phone_text_alignment=&#8220;default&#8220;&#8230;<\/p>\n","protected":false},"author":1,"featured_media":0,"parent":0,"menu_order":0,"comment_status":"closed","ping_status":"closed","template":"","meta":{"footnotes":""},"class_list":["post-5648","page","type-page","status-publish"],"_links":{"self":[{"href":"https:\/\/room66.it\/de\/wp-json\/wp\/v2\/pages\/5648","targetHints":{"allow":["GET"]}}],"collection":[{"href":"https:\/\/room66.it\/de\/wp-json\/wp\/v2\/pages"}],"about":[{"href":"https:\/\/room66.it\/de\/wp-json\/wp\/v2\/types\/page"}],"author":[{"embeddable":true,"href":"https:\/\/room66.it\/de\/wp-json\/wp\/v2\/users\/1"}],"replies":[{"embeddable":true,"href":"https:\/\/room66.it\/de\/wp-json\/wp\/v2\/comments?post=5648"}],"version-history":[{"count":3,"href":"https:\/\/room66.it\/de\/wp-json\/wp\/v2\/pages\/5648\/revisions"}],"predecessor-version":[{"id":5801,"href":"https:\/\/room66.it\/de\/wp-json\/wp\/v2\/pages\/5648\/revisions\/5801"}],"wp:attachment":[{"href":"https:\/\/room66.it\/de\/wp-json\/wp\/v2\/media?parent=5648"}],"curies":[{"name":"wp","href":"https:\/\/api.w.org\/{rel}","templated":true}]}}