{"id":10613,"date":"2024-06-14T14:20:07","date_gmt":"2024-06-14T14:20:07","guid":{"rendered":"https:\/\/room66.it\/?post_type=product&#038;p=10613"},"modified":"2024-06-14T15:12:08","modified_gmt":"2024-06-14T15:12:08","slug":"tomasella-wohnwand-copia","status":"publish","type":"product","link":"https:\/\/room66.it\/de\/prodotto\/tomasella-wohnwand-copia\/","title":{"rendered":"TOMASELLA WOHNWAND ATLANTE"},"content":{"rendered":"<div class=\"x11i5rnm xat24cr x1mh8g0r x1vvkbs xdj266r x126k92a\">\n<div dir=\"auto\">\n<p>Tomasella Wohnwand-Komposition bestehend aus 3 Basiselementen in\u00a0 Eiche Termostrutturato, H\u00e4ngeschr\u00e4nken in lackiertem Smoke und Madreperla, horizontalem B\u00fccherregal aus lackiertem Metall in Madreperla mit R\u00fcckw\u00e4nden aus\u00a0 Eiche Termostrutturato. Alle Elemente \u00f6ffnen sich mit Push-Pull.<\/p>\n<p>Abmessungen der Wohnwand Atlante:<\/p>\n<p>L\u00e4nge: 4323 mm<br \/>\nTiefe: 515 mm<br \/>\nH\u00f6he: 2150 mm<\/p>\n<p>Transport und Montage sind nicht im Preis inbegriffen.<\/p>\n<p>Der Wohnbereich ist der Ort der Begr\u00fc\u00dfung und Entspannung. Tomasella bietet mit dem Modell Atlante modulare L\u00f6sungen f\u00fcr das Wohnzimmer in verschiedenen Holzarten und Farben, die jeden Raum unter Ber\u00fccksichtigung der neuesten Trends und der unterschiedlichen Platzbed\u00fcrfnisse einrichten k\u00f6nnen.<\/p>\n<\/div>\n<\/div>\n<div class=\"x11i5rnm xat24cr x1mh8g0r x1vvkbs xtlvy1s x126k92a\">\n<div dir=\"auto\">\n<p>&nbsp;<\/p>\n<p>&nbsp;<\/p>\n<\/div>\n<\/div>\n","protected":false},"excerpt":{"rendered":"<p>Tomasella Wohnwand-Komposition bestehend aus 3 Basiselementen in\u00a0 Eiche Termostrutturato, H\u00e4ngeschr\u00e4nken in lackiertem Smoke und Madreperla, horizontalem B\u00fccherregal aus lackiertem Metall in Madreperla mit R\u00fcckw\u00e4nden&#8230;<\/p>\n","protected":false},"featured_media":10620,"template":"","meta":[],"product_brand":[],"product_cat":[148],"product_tag":[],"class_list":{"0":"post-10613","1":"product","2":"type-product","3":"status-publish","4":"has-post-thumbnail","5":"product_cat-wohnwand","7":"first","8":"instock","9":"sale","10":"taxable","11":"shipping-taxable","12":"purchasable","13":"product-type-simple"},"_links":{"self":[{"href":"https:\/\/room66.it\/de\/wp-json\/wp\/v2\/product\/10613","targetHints":{"allow":["GET"]}}],"collection":[{"href":"https:\/\/room66.it\/de\/wp-json\/wp\/v2\/product"}],"about":[{"href":"https:\/\/room66.it\/de\/wp-json\/wp\/v2\/types\/product"}],"wp:featuredmedia":[{"embeddable":true,"href":"https:\/\/room66.it\/de\/wp-json\/wp\/v2\/media\/10620"}],"wp:attachment":[{"href":"https:\/\/room66.it\/de\/wp-json\/wp\/v2\/media?parent=10613"}],"wp:term":[{"taxonomy":"product_brand","embeddable":true,"href":"https:\/\/room66.it\/de\/wp-json\/wp\/v2\/product_brand?post=10613"},{"taxonomy":"product_cat","embeddable":true,"href":"https:\/\/room66.it\/de\/wp-json\/wp\/v2\/product_cat?post=10613"},{"taxonomy":"product_tag","embeddable":true,"href":"https:\/\/room66.it\/de\/wp-json\/wp\/v2\/product_tag?post=10613"}],"curies":[{"name":"wp","href":"https:\/\/api.w.org\/{rel}","templated":true}]}}