{"id":6620,"date":"2023-01-04T11:48:39","date_gmt":"2023-01-04T11:48:39","guid":{"rendered":"https:\/\/room66.it\/prodotto\/tomasella-parete-soggiorno\/"},"modified":"2023-10-22T11:28:02","modified_gmt":"2023-10-22T11:28:02","slug":"tomasella-wohnwand","status":"publish","type":"product","link":"https:\/\/room66.it\/de\/prodotto\/tomasella-wohnwand\/","title":{"rendered":"TOMASELLA WOHNWAND"},"content":{"rendered":"<div class=\"x11i5rnm xat24cr x1mh8g0r x1vvkbs xdj266r x126k92a\">\n<div dir=\"auto\">Tomasella\u00a0 Wohnwand in Eiche furniert natur und Ausf\u00fchrung Canapa matt lackiert, L\u00e4nge 260 cm mit B\u00fccherregal Modell Icaro Modell inklusive Spiegel.<\/div>\n<\/div>\n<div class=\"x11i5rnm xat24cr x1mh8g0r x1vvkbs xtlvy1s x126k92a\">\n<div dir=\"auto\">\n<p>&nbsp;<\/p>\n<p>Lieferung und Montage nicht inbegriffen<\/p>\n<p>&nbsp;<\/p>\n<p>&nbsp;<\/p>\n<\/div>\n<\/div>\n","protected":false},"excerpt":{"rendered":"<p>Tomasella\u00a0 Wohnwand in Eiche furniert natur und Ausf\u00fchrung Canapa matt lackiert, L\u00e4nge 260 cm mit B\u00fccherregal Modell Icaro Modell inklusive Spiegel. &nbsp; Lieferung und&#8230;<\/p>\n","protected":false},"featured_media":6563,"template":"","meta":[],"product_brand":[],"product_cat":[148],"product_tag":[],"class_list":{"0":"post-6620","1":"product","2":"type-product","3":"status-publish","4":"has-post-thumbnail","5":"product_cat-wohnwand","7":"first","8":"outofstock","9":"sale","10":"taxable","11":"shipping-taxable","12":"purchasable","13":"product-type-simple"},"_links":{"self":[{"href":"https:\/\/room66.it\/de\/wp-json\/wp\/v2\/product\/6620","targetHints":{"allow":["GET"]}}],"collection":[{"href":"https:\/\/room66.it\/de\/wp-json\/wp\/v2\/product"}],"about":[{"href":"https:\/\/room66.it\/de\/wp-json\/wp\/v2\/types\/product"}],"wp:featuredmedia":[{"embeddable":true,"href":"https:\/\/room66.it\/de\/wp-json\/wp\/v2\/media\/6563"}],"wp:attachment":[{"href":"https:\/\/room66.it\/de\/wp-json\/wp\/v2\/media?parent=6620"}],"wp:term":[{"taxonomy":"product_brand","embeddable":true,"href":"https:\/\/room66.it\/de\/wp-json\/wp\/v2\/product_brand?post=6620"},{"taxonomy":"product_cat","embeddable":true,"href":"https:\/\/room66.it\/de\/wp-json\/wp\/v2\/product_cat?post=6620"},{"taxonomy":"product_tag","embeddable":true,"href":"https:\/\/room66.it\/de\/wp-json\/wp\/v2\/product_tag?post=6620"}],"curies":[{"name":"wp","href":"https:\/\/api.w.org\/{rel}","templated":true}]}}