{"id":6622,"date":"2023-01-04T10:45:37","date_gmt":"2023-01-04T10:45:37","guid":{"rendered":"https:\/\/room66.it\/prodotto\/bertazzoni-f457promwsx-microonde\/"},"modified":"2023-01-05T17:27:25","modified_gmt":"2023-01-05T17:27:25","slug":"bertazzoni-f457promwsx-microonde","status":"publish","type":"product","link":"https:\/\/room66.it\/de\/prodotto\/bertazzoni-f457promwsx-microonde\/","title":{"rendered":"BERTAZZONI F457PROMWSX MIKROWELLE"},"content":{"rendered":"<p>Diese 60&#215;38 cm gro\u00dfe Kombi-Mikrowelle aus der Professional Series verf\u00fcgt \u00fcber 7 Funktionen und bietet alle Vorteile eines multifunktionalen Elektrobackofens und einer Mikrowelle in einem. Dank der doppelten Ebene und dem 25-Liter-Hohlraum hat er ein Fassungsverm\u00f6gen, das das Kochen f\u00fcr die ganze Familie garantiert. Seine zwei Technologien bieten die ganze Vielseitigkeit des bel\u00fcfteten, Standard- oder Grillmodus. Die Mikrowelle verf\u00fcgt \u00fcber 10 voreingestellte Garprogramme. Die Bedienung erfolgt \u00fcber Drucktasten und das LED-Display.<\/p>\n","protected":false},"excerpt":{"rendered":"<p>Bertazzoni F457PROMWSX Professioneller Kombi-Mikrowellenherd cm. 60 &#8211; Edelstahl ; Fassungsverm\u00f6gen, 25 l ; Eigenschaften, Abtaufunktion. Bel\u00fcfteter Grill.<\/p>\n","protected":false},"featured_media":6524,"template":"","meta":[],"product_brand":[],"product_cat":[60],"product_tag":[],"class_list":{"0":"post-6622","1":"product","2":"type-product","3":"status-publish","4":"has-post-thumbnail","5":"product_cat-haushaltsgerate","7":"first","8":"instock","9":"sale","10":"taxable","11":"shipping-taxable","12":"purchasable","13":"product-type-simple"},"_links":{"self":[{"href":"https:\/\/room66.it\/de\/wp-json\/wp\/v2\/product\/6622","targetHints":{"allow":["GET"]}}],"collection":[{"href":"https:\/\/room66.it\/de\/wp-json\/wp\/v2\/product"}],"about":[{"href":"https:\/\/room66.it\/de\/wp-json\/wp\/v2\/types\/product"}],"wp:featuredmedia":[{"embeddable":true,"href":"https:\/\/room66.it\/de\/wp-json\/wp\/v2\/media\/6524"}],"wp:attachment":[{"href":"https:\/\/room66.it\/de\/wp-json\/wp\/v2\/media?parent=6622"}],"wp:term":[{"taxonomy":"product_brand","embeddable":true,"href":"https:\/\/room66.it\/de\/wp-json\/wp\/v2\/product_brand?post=6622"},{"taxonomy":"product_cat","embeddable":true,"href":"https:\/\/room66.it\/de\/wp-json\/wp\/v2\/product_cat?post=6622"},{"taxonomy":"product_tag","embeddable":true,"href":"https:\/\/room66.it\/de\/wp-json\/wp\/v2\/product_tag?post=6622"}],"curies":[{"name":"wp","href":"https:\/\/api.w.org\/{rel}","templated":true}]}}