{"id":9294,"date":"2023-10-19T08:42:39","date_gmt":"2023-10-19T08:42:39","guid":{"rendered":"https:\/\/room66.it\/?post_type=product&#038;p=9294"},"modified":"2024-03-28T08:17:06","modified_gmt":"2024-03-28T08:17:06","slug":"matlux-matratze-silver","status":"publish","type":"product","link":"https:\/\/room66.it\/de\/prodotto\/matlux-matratze-silver\/","title":{"rendered":"MATLUX MATRATZE SILVER"},"content":{"rendered":"<p>Matlux Silver Matratze Doppelbett 180&#215;200 cm<br \/>\nBezug: Silver Tencel-Stoff<br \/>\nPolsterung aus Duo-Baumwolle und Polyester, 500 gr\/m\u00b2<br \/>\nTeilbarer Rei\u00dfverschluss, um die beiden Seiten des Bezugs vollst\u00e4ndig trennen zu k\u00f6nnen<br \/>\nPerimeterband aus Jacquard-Stoff mit 6 Griffen<br \/>\nInnenstruktur: Memorylife mit hoher Dichte, mit ausgearbeiteten Hohlzonen in differenzierten Bereichen<br \/>\nZwischenlage in Aqualife mit hoher Dichte f\u00fcr die Aufnahmezone von Schultern\/Beinen<br \/>\nSt\u00fctzbasis in Aqualife mit hoher Dichte in 7 differenzierten Zonen<\/p>\n","protected":false},"excerpt":{"rendered":"<p>Matlux Silver Matratze Doppelbett 180&#215;200 cm Bezug: Silver Tencel-Stoff Polsterung aus Duo-Baumwolle und Polyester, 500 gr\/m\u00b2 Teilbarer Rei\u00dfverschluss, um die beiden Seiten des Bezugs&#8230;<\/p>\n","protected":false},"featured_media":9319,"template":"","meta":[],"product_brand":[],"product_cat":[146,58],"product_tag":[],"class_list":{"0":"post-9294","1":"product","2":"type-product","3":"status-publish","4":"has-post-thumbnail","5":"product_cat-matratze","6":"product_cat-schlafzimmer","8":"first","9":"instock","10":"sale","11":"taxable","12":"shipping-taxable","13":"purchasable","14":"product-type-simple"},"_links":{"self":[{"href":"https:\/\/room66.it\/de\/wp-json\/wp\/v2\/product\/9294","targetHints":{"allow":["GET"]}}],"collection":[{"href":"https:\/\/room66.it\/de\/wp-json\/wp\/v2\/product"}],"about":[{"href":"https:\/\/room66.it\/de\/wp-json\/wp\/v2\/types\/product"}],"wp:featuredmedia":[{"embeddable":true,"href":"https:\/\/room66.it\/de\/wp-json\/wp\/v2\/media\/9319"}],"wp:attachment":[{"href":"https:\/\/room66.it\/de\/wp-json\/wp\/v2\/media?parent=9294"}],"wp:term":[{"taxonomy":"product_brand","embeddable":true,"href":"https:\/\/room66.it\/de\/wp-json\/wp\/v2\/product_brand?post=9294"},{"taxonomy":"product_cat","embeddable":true,"href":"https:\/\/room66.it\/de\/wp-json\/wp\/v2\/product_cat?post=9294"},{"taxonomy":"product_tag","embeddable":true,"href":"https:\/\/room66.it\/de\/wp-json\/wp\/v2\/product_tag?post=9294"}],"curies":[{"name":"wp","href":"https:\/\/api.w.org\/{rel}","templated":true}]}}