{"id":9323,"date":"2023-10-19T10:22:44","date_gmt":"2023-10-19T10:22:44","guid":{"rendered":"https:\/\/room66.it\/?post_type=product&#038;p=9323"},"modified":"2024-03-28T08:11:43","modified_gmt":"2024-03-28T08:11:43","slug":"matlux-matratze-modell-spring","status":"publish","type":"product","link":"https:\/\/room66.it\/de\/prodotto\/matlux-matratze-modell-spring\/","title":{"rendered":"MATLUX MATRATZE MODELL SPRING"},"content":{"rendered":"<p>Matlux Spring Matratze Doppelbett 180&#215;200 cm<br \/>\nBezug: Tencel-Stoff<br \/>\nPolsterung aus Duo-Baumwolle und Polyester, 500 gr\/m\u00b2<br \/>\nTeilbarer Rei\u00dfverschluss, um die beiden Seiten des Bezugs vollst\u00e4ndig trennen zu k\u00f6nnen<br \/>\nPerimeterband aus Jacquard-Stoff mit 6 Griffen<br \/>\nInnenstruktur: Memorylife glatt, H\u00f6he 3 cm<br \/>\nAqualife glatt, H\u00f6he 2 cm<br \/>\nMembran aus expandiertem Harz in Kontakt mit der Federung, Dicke 5 mm<br \/>\nPocket-Federung mit 700 Taschenfedern in 7 differenzierten Zonen in der Doppelbettversion<br \/>\nAqualife glatt, H\u00f6he 3 cm<br \/>\nStruktur-Haltetafel aus Polyester<\/p>\n","protected":false},"excerpt":{"rendered":"<p>Matlux Spring Matratze Doppelbett 180&#215;200 cm Bezug: Tencel-Stoff Polsterung aus Duo-Baumwolle und Polyester, 500 gr\/m\u00b2 Teilbarer Rei\u00dfverschluss, um die beiden Seiten des Bezugs vollst\u00e4ndig&#8230;<\/p>\n","protected":false},"featured_media":9330,"template":"","meta":[],"product_brand":[],"product_cat":[146,58],"product_tag":[],"class_list":{"0":"post-9323","1":"product","2":"type-product","3":"status-publish","4":"has-post-thumbnail","5":"product_cat-matratze","6":"product_cat-schlafzimmer","8":"first","9":"outofstock","10":"sale","11":"taxable","12":"shipping-taxable","13":"purchasable","14":"product-type-simple"},"_links":{"self":[{"href":"https:\/\/room66.it\/de\/wp-json\/wp\/v2\/product\/9323","targetHints":{"allow":["GET"]}}],"collection":[{"href":"https:\/\/room66.it\/de\/wp-json\/wp\/v2\/product"}],"about":[{"href":"https:\/\/room66.it\/de\/wp-json\/wp\/v2\/types\/product"}],"wp:featuredmedia":[{"embeddable":true,"href":"https:\/\/room66.it\/de\/wp-json\/wp\/v2\/media\/9330"}],"wp:attachment":[{"href":"https:\/\/room66.it\/de\/wp-json\/wp\/v2\/media?parent=9323"}],"wp:term":[{"taxonomy":"product_brand","embeddable":true,"href":"https:\/\/room66.it\/de\/wp-json\/wp\/v2\/product_brand?post=9323"},{"taxonomy":"product_cat","embeddable":true,"href":"https:\/\/room66.it\/de\/wp-json\/wp\/v2\/product_cat?post=9323"},{"taxonomy":"product_tag","embeddable":true,"href":"https:\/\/room66.it\/de\/wp-json\/wp\/v2\/product_tag?post=9323"}],"curies":[{"name":"wp","href":"https:\/\/api.w.org\/{rel}","templated":true}]}}