{"id":9340,"date":"2023-10-19T10:32:20","date_gmt":"2023-10-19T10:32:21","guid":{"rendered":"https:\/\/room66.it\/?post_type=product&#038;p=9340"},"modified":"2024-03-28T08:43:51","modified_gmt":"2024-03-28T08:43:51","slug":"reverie-matratze-modell-fenice","status":"publish","type":"product","link":"https:\/\/room66.it\/de\/prodotto\/reverie-matratze-modell-fenice\/","title":{"rendered":"REVERIE MATRATZE MODELL FENICE"},"content":{"rendered":"<p>Reverie Fenice Matratze Doppelbett 180&#215;200 cm<br \/>\nStoff aus Hanf und Baumwolle, mit antibakteriellen, antimykotischen und nat\u00fcrlichen Eigenschaften<br \/>\nSpezielle Polsterung aus Leinen und In-eden, bietet Nat\u00fcrlichkeit, Frische und Komfort<br \/>\nTeilbarer Rei\u00dfverschluss, um die beiden Seiten des Bezugs vollst\u00e4ndig trennen zu k\u00f6nnen<br \/>\nPerimeterband aus zweifarbiger Mikrofaser, mit 6 Griffen<br \/>\nMemory-Schaum mit hoher Dichte, gepr\u00e4gt in differenzierten Zonen, Dicke etwa 5 cm<br \/>\nMembran aus expandiertem Harz in Kontakt mit der Federung, Dicke 5 mm<br \/>\nTaschenfederkern mit Mikrofedern, mit zentraler Flachfeder und differenzierten Traglasten, Nr. 1700 Federn in der Doppelbettversion<br \/>\nExpandiertes Polyurethan mit hoher Dichte<br \/>\nSpezielles expandiertes Harz mit sehr offenen Zellen, genannt Breeze, mit hoher Dichte<br \/>\nStruktur-Haltegewebe aus Polycotton<\/p>\n","protected":false},"excerpt":{"rendered":"<p>Reverie Fenice Matratze Doppelbett 180&#215;200 cm Stoff aus Hanf und Baumwolle, mit antibakteriellen, antimykotischen und nat\u00fcrlichen Eigenschaften Spezielle Polsterung aus Leinen und In-eden, bietet&#8230;<\/p>\n","protected":false},"featured_media":9353,"template":"","meta":[],"product_brand":[],"product_cat":[146,58],"product_tag":[],"class_list":{"0":"post-9340","1":"product","2":"type-product","3":"status-publish","4":"has-post-thumbnail","5":"product_cat-matratze","6":"product_cat-schlafzimmer","8":"first","9":"outofstock","10":"sale","11":"taxable","12":"shipping-taxable","13":"purchasable","14":"product-type-simple"},"_links":{"self":[{"href":"https:\/\/room66.it\/de\/wp-json\/wp\/v2\/product\/9340","targetHints":{"allow":["GET"]}}],"collection":[{"href":"https:\/\/room66.it\/de\/wp-json\/wp\/v2\/product"}],"about":[{"href":"https:\/\/room66.it\/de\/wp-json\/wp\/v2\/types\/product"}],"wp:featuredmedia":[{"embeddable":true,"href":"https:\/\/room66.it\/de\/wp-json\/wp\/v2\/media\/9353"}],"wp:attachment":[{"href":"https:\/\/room66.it\/de\/wp-json\/wp\/v2\/media?parent=9340"}],"wp:term":[{"taxonomy":"product_brand","embeddable":true,"href":"https:\/\/room66.it\/de\/wp-json\/wp\/v2\/product_brand?post=9340"},{"taxonomy":"product_cat","embeddable":true,"href":"https:\/\/room66.it\/de\/wp-json\/wp\/v2\/product_cat?post=9340"},{"taxonomy":"product_tag","embeddable":true,"href":"https:\/\/room66.it\/de\/wp-json\/wp\/v2\/product_tag?post=9340"}],"curies":[{"name":"wp","href":"https:\/\/api.w.org\/{rel}","templated":true}]}}