{"id":9357,"date":"2023-10-19T12:34:57","date_gmt":"2023-10-19T12:34:57","guid":{"rendered":"https:\/\/room66.it\/?post_type=product&#038;p=9357"},"modified":"2024-03-28T08:18:41","modified_gmt":"2024-03-28T08:18:41","slug":"reverie-matratze-modell-andromeda","status":"publish","type":"product","link":"https:\/\/room66.it\/de\/prodotto\/reverie-matratze-modell-andromeda\/","title":{"rendered":"REVERIE MATRATZE MODELL ANDROMEDA"},"content":{"rendered":"<p>Reverie Andromeda Matratze Doppelbett 180&#215;200 cm<br \/>\nBezug: Baumwollstoff<br \/>\nSpezielle Memory-Schaum-Polsterung, bietet Komfort und umh\u00fcllt sanft<br \/>\nPolsterung aus Duo-Baumwolle und Polyester, 300 gr\/m\u00b2<br \/>\nTeilbarer Rei\u00dfverschluss, um die beiden Seiten des Bezugs vollst\u00e4ndig trennen zu k\u00f6nnen<br \/>\nInnenstruktur: 100% nat\u00fcrliches Latex, H\u00f6he 4 cm<br \/>\nAqualife, Dicke 2 cm<br \/>\nMembran aus expandiertem Harz in Kontakt mit der Federung, Dicke 5 mm<br \/>\nTaschenfederkern mit Mikrofedern, mit zentraler Flachfeder und Belastungen und 7 differenzierten Zonen, Nr. 1700 Federn in der Doppelbettversion<br \/>\nMemory-Schaum mit hoher Dichte, gepr\u00e4gt in differenzierten Zonen, Dicke etwa 5 cm<br \/>\nStruktur-Haltegewebe aus Polycotton<\/p>\n","protected":false},"excerpt":{"rendered":"<p>Reverie Andromeda Matratze Doppelbett 180&#215;200 cm Bezug: Baumwollstoff Spezielle Memory-Schaum-Polsterung, bietet Komfort und umh\u00fcllt sanft Polsterung aus Duo-Baumwolle und Polyester, 300 gr\/m\u00b2 Teilbarer Rei\u00dfverschluss,&#8230;<\/p>\n","protected":false},"featured_media":9382,"template":"","meta":[],"product_brand":[],"product_cat":[146,58],"product_tag":[],"class_list":{"0":"post-9357","1":"product","2":"type-product","3":"status-publish","4":"has-post-thumbnail","5":"product_cat-matratze","6":"product_cat-schlafzimmer","8":"first","9":"outofstock","10":"sale","11":"taxable","12":"shipping-taxable","13":"purchasable","14":"product-type-simple"},"_links":{"self":[{"href":"https:\/\/room66.it\/de\/wp-json\/wp\/v2\/product\/9357","targetHints":{"allow":["GET"]}}],"collection":[{"href":"https:\/\/room66.it\/de\/wp-json\/wp\/v2\/product"}],"about":[{"href":"https:\/\/room66.it\/de\/wp-json\/wp\/v2\/types\/product"}],"wp:featuredmedia":[{"embeddable":true,"href":"https:\/\/room66.it\/de\/wp-json\/wp\/v2\/media\/9382"}],"wp:attachment":[{"href":"https:\/\/room66.it\/de\/wp-json\/wp\/v2\/media?parent=9357"}],"wp:term":[{"taxonomy":"product_brand","embeddable":true,"href":"https:\/\/room66.it\/de\/wp-json\/wp\/v2\/product_brand?post=9357"},{"taxonomy":"product_cat","embeddable":true,"href":"https:\/\/room66.it\/de\/wp-json\/wp\/v2\/product_cat?post=9357"},{"taxonomy":"product_tag","embeddable":true,"href":"https:\/\/room66.it\/de\/wp-json\/wp\/v2\/product_tag?post=9357"}],"curies":[{"name":"wp","href":"https:\/\/api.w.org\/{rel}","templated":true}]}}