{"id":9386,"date":"2023-10-19T12:52:38","date_gmt":"2023-10-19T12:52:38","guid":{"rendered":"https:\/\/room66.it\/?post_type=product&#038;p=9386"},"modified":"2023-10-22T11:19:39","modified_gmt":"2023-10-22T11:19:39","slug":"matratze-reverie-cassiopea","status":"publish","type":"product","link":"https:\/\/room66.it\/de\/prodotto\/matratze-reverie-cassiopea\/","title":{"rendered":"MATRATZE REVERIE CASSIOPEA"},"content":{"rendered":"<p>Reverie Cassiopea Doppelbettmatratze 180&#215;200 cm<br \/>\nAu\u00dfenbezug: Luxusstoff mit Seide und Viskose<br \/>\nF\u00fcllung aus Baumwolle und Polyester-Duo, 500 g\/m\u00b2<br \/>\nAbtrennbarer Rei\u00dfverschluss, um beide Seiten des Bezugs vollst\u00e4ndig voneinander zu trennen<br \/>\nObere Futon-Innenstruktur: Memorylife Silver Super Fresh, 7 cm dick, mit silberhaltiger antibakterieller und erfrischender Wirkung<br \/>\nFester Baumwollschutzh\u00fclle<br \/>\nInnenstruktur: Aqualife mit Hochleistungs-W\u00fcrfelmuster und 5 differenzierten Zonen, 3 cm dick<br \/>\nSuper Micro Pocket Taschenfederkern, 2000 Federn in der Doppelbettversion<br \/>\nMikrofederkern mit zentralem Einsatz, H\u00e4rtegrade und 7 differenzierten Zonen, 1700 Federn in der Doppelbettversion<br \/>\n5 mm dicke expandierte Harzmembran im Kontakt mit der Federung<br \/>\nAqualife mit hoher Dichte, 3 cm dick<br \/>\nPolycotton-Bezug<br \/>\nUntere Futon-Innenstruktur: Naturlatex, 5 cm dick<br \/>\nSehr atmungsaktive Dryfeel-Unterst\u00fctzung, 2 cm dick<\/p>\n","protected":false},"excerpt":{"rendered":"<p>Reverie Cassiopea Matratze 180&#215;200 cm<\/p>\n<p>Bezug aus 100% Naturfaser, Viskose und Seide mit isolierenden Eigenschaften, gesteppt mit Baumwollpolsterung<br \/>\n&#8222;Everest&#8220; Verarbeitung mit Taschen f\u00fcr Topper auf beiden Seiten und M\u00f6glichkeit, den gew\u00fcnschten Topper auszuw\u00e4hlen<br \/>\nTopper aus 100% nat\u00fcrlichem Latex, gekoppelt mit Dryfeel, einem hoch atmungsaktiven Material, um die Matratze trocken und bel\u00fcftet zu halten<br \/>\nTopper aus Memory Super Silver Fresh, Memory-Schaumstoff mit Silber und eingebetteten erfrischenden Mikropartikeln im Schaum<br \/>\nMemory-Schaumstoff mit hoher Dichte, geformt mit einer Mischung aus 16 Kristallen + Gold + Silber in Zusammenarbeit mit BioCrystal. Diese Kristalle setzen eine Energie frei, die unserem K\u00f6rper Vorteile bringt, f\u00fcr einen tieferen Schlaf und psychophysisches Wohlbefinden und mehr Energie beim Aufwachen.<br \/>\nTopper mit einem festen 100% Baumwollbezug<br \/>\nInnere Struktur mit 3700 Super-Mikrofedern in differenzierten Zonen, Kontaktfl\u00e4che in differenziertem Waffelmuster.<\/p>\n","protected":false},"featured_media":9393,"template":"","meta":[],"product_brand":[],"product_cat":[146,58],"product_tag":[],"class_list":{"0":"post-9386","1":"product","2":"type-product","3":"status-publish","4":"has-post-thumbnail","5":"product_cat-matratze","6":"product_cat-schlafzimmer","8":"first","9":"outofstock","10":"sale","11":"taxable","12":"shipping-taxable","13":"purchasable","14":"product-type-simple"},"_links":{"self":[{"href":"https:\/\/room66.it\/de\/wp-json\/wp\/v2\/product\/9386","targetHints":{"allow":["GET"]}}],"collection":[{"href":"https:\/\/room66.it\/de\/wp-json\/wp\/v2\/product"}],"about":[{"href":"https:\/\/room66.it\/de\/wp-json\/wp\/v2\/types\/product"}],"wp:featuredmedia":[{"embeddable":true,"href":"https:\/\/room66.it\/de\/wp-json\/wp\/v2\/media\/9393"}],"wp:attachment":[{"href":"https:\/\/room66.it\/de\/wp-json\/wp\/v2\/media?parent=9386"}],"wp:term":[{"taxonomy":"product_brand","embeddable":true,"href":"https:\/\/room66.it\/de\/wp-json\/wp\/v2\/product_brand?post=9386"},{"taxonomy":"product_cat","embeddable":true,"href":"https:\/\/room66.it\/de\/wp-json\/wp\/v2\/product_cat?post=9386"},{"taxonomy":"product_tag","embeddable":true,"href":"https:\/\/room66.it\/de\/wp-json\/wp\/v2\/product_tag?post=9386"}],"curies":[{"name":"wp","href":"https:\/\/api.w.org\/{rel}","templated":true}]}}