{"id":9574,"date":"2023-10-24T07:26:17","date_gmt":"2023-10-24T07:26:18","guid":{"rendered":"https:\/\/room66.it\/?post_type=product&#038;p=9574"},"modified":"2024-03-27T11:18:06","modified_gmt":"2024-03-27T11:18:06","slug":"bauformat-kueche","status":"publish","type":"product","link":"https:\/\/room66.it\/de\/prodotto\/bauformat-kueche\/","title":{"rendered":"BAUFORMAT K\u00dcCHE"},"content":{"rendered":"<p>K\u00fcche mit Fronten\u00a0 rauchgrau farbe in organischem Glas, Arbeitsplatte aus poliertem orobischem Naturstein, komplett mit Elektroger\u00e4ten und Weinkeller (ohne Dunstabzugshaube)<\/p>\n<p>Gesamtabmessungen der K\u00fcche: L\u00e4nge 315 cm x Tiefe 600 cm, H\u00f6he 225 cm. Ma\u00dfe der K\u00fccheninsel: L\u00e4nge 251 cm x Tiefe 97 cm, H\u00f6he 91 cm.<\/p>\n<p>Der Preis versteht sich bei Selbstabholung, Transport und Montage sind im Preis nicht inbegriffen.<\/p>\n","protected":false},"excerpt":{"rendered":"<p>Moderne Pronorm grifflose\u00a0 K\u00fcche mit Fronten in Organic Glass arktiswei\u00df matt und Arbeitsplatte in Keramik.<\/p>\n","protected":false},"featured_media":9581,"template":"","meta":[],"product_brand":[],"product_cat":[59],"product_tag":[],"class_list":{"0":"post-9574","1":"product","2":"type-product","3":"status-publish","4":"has-post-thumbnail","5":"product_cat-kuche","7":"first","8":"outofstock","9":"sale","10":"taxable","11":"shipping-taxable","12":"purchasable","13":"product-type-simple"},"_links":{"self":[{"href":"https:\/\/room66.it\/de\/wp-json\/wp\/v2\/product\/9574","targetHints":{"allow":["GET"]}}],"collection":[{"href":"https:\/\/room66.it\/de\/wp-json\/wp\/v2\/product"}],"about":[{"href":"https:\/\/room66.it\/de\/wp-json\/wp\/v2\/types\/product"}],"wp:featuredmedia":[{"embeddable":true,"href":"https:\/\/room66.it\/de\/wp-json\/wp\/v2\/media\/9581"}],"wp:attachment":[{"href":"https:\/\/room66.it\/de\/wp-json\/wp\/v2\/media?parent=9574"}],"wp:term":[{"taxonomy":"product_brand","embeddable":true,"href":"https:\/\/room66.it\/de\/wp-json\/wp\/v2\/product_brand?post=9574"},{"taxonomy":"product_cat","embeddable":true,"href":"https:\/\/room66.it\/de\/wp-json\/wp\/v2\/product_cat?post=9574"},{"taxonomy":"product_tag","embeddable":true,"href":"https:\/\/room66.it\/de\/wp-json\/wp\/v2\/product_tag?post=9574"}],"curies":[{"name":"wp","href":"https:\/\/api.w.org\/{rel}","templated":true}]}}