{"id":9603,"date":"2023-10-24T10:18:11","date_gmt":"2023-10-24T10:18:12","guid":{"rendered":"https:\/\/room66.it\/?post_type=product&#038;p=9603"},"modified":"2024-03-27T11:05:43","modified_gmt":"2024-03-27T11:05:43","slug":"kueche-doimo","status":"publish","type":"product","link":"https:\/\/room66.it\/de\/prodotto\/kueche-doimo\/","title":{"rendered":"K\u00dcCHE DOIMO"},"content":{"rendered":"<p>Doimo K\u00fcche in Ecru Laminat, mit Holzfinish-S\u00e4ulen, inklusive AEG Elektroger\u00e4te<\/p>\n<p>Der Preis versteht sich bei Selbstabholung, Transport und Montage sind im Preis nicht inbegriffen.<\/p>\n","protected":false},"excerpt":{"rendered":"<p>Doimo K\u00fcche in Ecru Laminat, mit Holzfinish-S\u00e4ulen, inklusive AEG Elektroger\u00e4te Der Preis versteht sich bei Selbstabholung, Transport und Montage sind im Preis nicht inbegriffen.<\/p>\n","protected":false},"featured_media":9616,"template":"","meta":[],"product_brand":[],"product_cat":[59],"product_tag":[],"class_list":{"0":"post-9603","1":"product","2":"type-product","3":"status-publish","4":"has-post-thumbnail","5":"product_cat-kuche","7":"first","8":"outofstock","9":"sale","10":"taxable","11":"shipping-taxable","12":"purchasable","13":"product-type-simple"},"_links":{"self":[{"href":"https:\/\/room66.it\/de\/wp-json\/wp\/v2\/product\/9603","targetHints":{"allow":["GET"]}}],"collection":[{"href":"https:\/\/room66.it\/de\/wp-json\/wp\/v2\/product"}],"about":[{"href":"https:\/\/room66.it\/de\/wp-json\/wp\/v2\/types\/product"}],"wp:featuredmedia":[{"embeddable":true,"href":"https:\/\/room66.it\/de\/wp-json\/wp\/v2\/media\/9616"}],"wp:attachment":[{"href":"https:\/\/room66.it\/de\/wp-json\/wp\/v2\/media?parent=9603"}],"wp:term":[{"taxonomy":"product_brand","embeddable":true,"href":"https:\/\/room66.it\/de\/wp-json\/wp\/v2\/product_brand?post=9603"},{"taxonomy":"product_cat","embeddable":true,"href":"https:\/\/room66.it\/de\/wp-json\/wp\/v2\/product_cat?post=9603"},{"taxonomy":"product_tag","embeddable":true,"href":"https:\/\/room66.it\/de\/wp-json\/wp\/v2\/product_tag?post=9603"}],"curies":[{"name":"wp","href":"https:\/\/api.w.org\/{rel}","templated":true}]}}