{"id":7656,"date":"2017-08-30T16:01:59","date_gmt":"2017-08-30T16:01:59","guid":{"rendered":"https:\/\/room66.it\/cucine-a-bolzano\/"},"modified":"2023-10-17T15:12:36","modified_gmt":"2023-10-17T15:12:36","slug":"cocinas-de-diseno","status":"publish","type":"page","link":"https:\/\/room66.it\/es\/cocinas-de-diseno\/","title":{"rendered":"Cocinas de dise\u00f1o"},"content":{"rendered":"[vc_row type=\u00bbin_container\u00bb full_screen_row_position=\u00bbmiddle\u00bb column_margin=\u00bbdefault\u00bb equal_height=\u00bbyes\u00bb content_placement=\u00bbmiddle\u00bb column_direction=\u00bbdefault\u00bb column_direction_tablet=\u00bbdefault\u00bb column_direction_phone=\u00bbdefault\u00bb scene_position=\u00bbcenter\u00bb top_padding=\u00bb7%\u00bb text_color=\u00bbdark\u00bb text_align=\u00bbleft\u00bb row_border_radius=\u00bbnone\u00bb row_border_radius_applies=\u00bbbg\u00bb overflow=\u00bbvisible\u00bb overlay_strength=\u00bb0.3&#8243; gradient_direction=\u00bbleft_to_right\u00bb shape_divider_position=\u00bbbottom\u00bb bg_image_animation=\u00bbnone\u00bb][vc_column column_padding=\u00bbno-extra-padding\u00bb column_padding_tablet=\u00bbinherit\u00bb column_padding_phone=\u00bbinherit\u00bb column_padding_position=\u00bball\u00bb column_element_direction_desktop=\u00bbdefault\u00bb column_element_spacing=\u00bbdefault\u00bb desktop_text_alignment=\u00bbdefault\u00bb tablet_text_alignment=\u00bbdefault\u00bb phone_text_alignment=\u00bbdefault\u00bb background_color_opacity=\u00bb1&#8243; background_hover_color_opacity=\u00bb1&#8243; column_backdrop_filter=\u00bbnone\u00bb column_shadow=\u00bbnone\u00bb column_border_radius=\u00bbnone\u00bb column_link_target=\u00bb_self\u00bb column_position=\u00bbdefault\u00bb gradient_direction=\u00bbleft_to_right\u00bb overlay_strength=\u00bb0.3&#8243; width=\u00bb1\/1&#8243; tablet_width_inherit=\u00bbdefault\u00bb animation_type=\u00bbdefault\u00bb bg_image_animation=\u00bbnone\u00bb border_type=\u00bbsimple\u00bb column_border_width=\u00bbnone\u00bb column_border_style=\u00bbsolid\u00bb][vc_column_text css_animation=\u00bbfadeIn\u00bb]\n<h2>Nuestra misi\u00f3n en la creaci\u00f3n de cocinas de dise\u00f1o<\/h2>\n<p>\u00bfC\u00f3mo encontrar <strong>hermosas cocinas en Bolzano y el Alto Adigio<\/strong> que sean modernas y al mismo tiempo respeten el medio ambiente que nos rodea?<\/p>\n<p>Cocinas construidas con componentes s\u00f3lidos y duraderos, capaces de cumplir con nuestras expectativas de robustez y adaptabilidad. Navegar por la gama de ofertas no es f\u00e1cil, y por eso la <strong>experiencia en la industria<\/strong> es crucial para elegir la direcci\u00f3n correcta al comprar y configurar una cocina a medida para usted.<\/p>\n<h2>\u00bfPor qu\u00e9 hacer hacer una cocina de dise\u00f1o?<\/h2>\n<ul>\n<li>Una cocina de dise\u00f1o es importante porque puede mejorar significativamente la funcionalidad y la apariencia est\u00e9tica de un espacio de cocina. Una cocina bien dise\u00f1ada puede ofrecer una mayor eficiencia, reducir el desperdicio de espacio y hacer que la preparaci\u00f3n de las comidas sea m\u00e1s f\u00e1cil y placentera.<\/li>\n<li>Una cocina de dise\u00f1o puede agregar valor a una casa. Si planea vender su casa en el futuro, una cocina bien dise\u00f1ada y moderna puede atraer a m\u00e1s compradores y aumentar el valor general de la vivienda.<\/li>\n<li>Una cocina de dise\u00f1o tambi\u00e9n puede ser un elemento distintivo de la casa, reflejando el estilo y la personalidad de los propietarios. En este sentido, la cocina puede convertirse en un lugar de encuentro para la familia y amigos, donde se pueden preparar y compartir comidas juntos en un ambiente c\u00f3modo y acogedor.<\/li>\n<li>Una cocina de dise\u00f1o puede proporcionar mayor seguridad e higiene. Una cocina bien dise\u00f1ada puede minimizar los riesgos de accidentes en el hogar, como quemaduras o cortes, y facilitar la limpieza y desinfecci\u00f3n de las superficies, reduciendo as\u00ed el riesgo de contaminaci\u00f3n de los alimentos y enfermedades.<\/li>\n<\/ul>\n<h2>\u00bfPor qu\u00e9 es importante la consulta para una cocina de dise\u00f1o?<\/h2>\n<ul>\n<li>La consulta para cocinas de dise\u00f1o es importante porque puede ayudar a garantizar que la cocina est\u00e9 bien dise\u00f1ada y sea funcional. La consulta puede ayudar a identificar las necesidades espec\u00edficas de los propietarios de viviendas, como el espacio disponible, las preferencias est\u00e9ticas y las necesidades de cocina.<\/li>\n<li>Adem\u00e1s, un profesional experimentado en dise\u00f1o de cocinas puede proporcionar consejos sobre las mejores soluciones de dise\u00f1o y la elecci\u00f3n de materiales y electrodom\u00e9sticos adecuados para las necesidades de los propietarios. La consulta tambi\u00e9n puede ofrecer sugerencias para mejorar la eficiencia y la ergonom\u00eda de la cocina, optimizando los espacios y minimizando el desperdicio.<\/li>\n<li>La consulta de un profesional puede ayudar a evitar errores costosos y problemas de seguridad. Un dise\u00f1ador experimentado puede ayudar a identificar cualquier problema de seguridad en la cocina y ofrecer soluciones para minimizar el riesgo de accidentes en el hogar.<\/li>\n<li>Una consulta para cocinas de dise\u00f1o puede proporcionar una mayor tranquilidad durante el proceso de dise\u00f1o y construcci\u00f3n de la cocina. Un profesional experimentado puede coordinar el trabajo entre diversos profesionales involucrados en el proyecto, como arquitectos, instaladores y artesanos, garantizando que el proyecto se complete de la mejor manera posible y dentro de los plazos y presupuestos establecidos.<\/li>\n<\/ul>\n<h2>\u00bfC\u00f3mo hacer realidad el sue\u00f1o de una cocina perfecta?<\/h2>\n<p>Cada proyecto de cocina es individual y extraordinario.<br \/>\nPor eso, la cocina perfecta es aquella que se adapta a las necesidades personales y h\u00e1bitos del cliente.<br \/>\nExperimente las muchas posibilidades de personalizaci\u00f3n contempor\u00e1neas ofrecidas.<br \/>\nTodo es posible, desde peque\u00f1os espacios de cocina y sue\u00f1os, hasta la planificaci\u00f3n c\u00f3moda de espacios para toda la familia.<br \/>\nTodo esto con el m\u00e1s alto grado de individualidad, dise\u00f1o exclusivo y funcionalidad inteligente.<\/p>\n<p>As\u00ed es como se hace realidad el sue\u00f1o de una nueva cocina.[\/vc_column_text][vc_column_text]\n<h2>Nuestra Selecci\u00f3n<\/h2>\n<p>Hemos seleccionado cuidadosa y profesionalmente algunas de las empresas m\u00e1s importantes en la industria de las cocinas,<br \/>\nque producen muebles de alta calidad sin perder de vista el adecuado equilibrio entre calidad y precio, lo cual es cada vez m\u00e1s esencial en la actualidad.<br \/>\nEsto nos permite satisfacer las diversas demandas dictadas por las necesidades personales y h\u00e1bitos de nuestros clientes.<\/p>\n[\/vc_column_text][\/vc_column][\/vc_row][vc_row type=\u00bbfull_width_background\u00bb full_screen_row_position=\u00bbmiddle\u00bb column_margin=\u00bbdefault\u00bb equal_height=\u00bbyes\u00bb content_placement=\u00bbmiddle\u00bb column_direction=\u00bbdefault\u00bb column_direction_tablet=\u00bbdefault\u00bb column_direction_phone=\u00bbdefault\u00bb scene_position=\u00bbcenter\u00bb constrain_group_1=\u00bbyes\u00bb text_color=\u00bbdark\u00bb text_align=\u00bbleft\u00bb row_border_radius=\u00bbnone\u00bb row_border_radius_applies=\u00bbbg\u00bb overflow=\u00bbvisible\u00bb overlay_strength=\u00bb0.3&#8243; gradient_direction=\u00bbleft_to_right\u00bb shape_divider_position=\u00bbbottom\u00bb bg_image_animation=\u00bbnone\u00bb shape_type=\u00bb\u00bb gradient_type=\u00bbdefault\u00bb][vc_column column_padding=\u00bbno-extra-padding\u00bb column_padding_tablet=\u00bbinherit\u00bb column_padding_phone=\u00bbinherit\u00bb column_padding_position=\u00bball\u00bb column_element_direction_desktop=\u00bbdefault\u00bb column_element_spacing=\u00bbdefault\u00bb desktop_text_alignment=\u00bbdefault\u00bb tablet_text_alignment=\u00bbdefault\u00bb phone_text_alignment=\u00bbdefault\u00bb background_color_opacity=\u00bb1&#8243; background_hover_color_opacity=\u00bb1&#8243; column_backdrop_filter=\u00bbnone\u00bb column_shadow=\u00bbnone\u00bb column_border_radius=\u00bbnone\u00bb column_link_target=\u00bb_self\u00bb column_position=\u00bbdefault\u00bb gradient_direction=\u00bbleft_to_right\u00bb overlay_strength=\u00bb0.3&#8243; width=\u00bb1\/1&#8243; tablet_width_inherit=\u00bbdefault\u00bb animation_type=\u00bbdefault\u00bb bg_image_animation=\u00bbnone\u00bb border_type=\u00bbsimple\u00bb column_border_width=\u00bbnone\u00bb column_border_style=\u00bbsolid\u00bb][nectar_global_section id=\u00bb7243&#8243;][\/vc_column][\/vc_row]\n","protected":false},"excerpt":{"rendered":"<p>[vc_row type=\u00bbin_container\u00bb full_screen_row_position=\u00bbmiddle\u00bb column_margin=\u00bbdefault\u00bb equal_height=\u00bbyes\u00bb content_placement=\u00bbmiddle\u00bb column_direction=\u00bbdefault\u00bb column_direction_tablet=\u00bbdefault\u00bb column_direction_phone=\u00bbdefault\u00bb scene_position=\u00bbcenter\u00bb top_padding=\u00bb7%\u00bb text_color=\u00bbdark\u00bb text_align=\u00bbleft\u00bb row_border_radius=\u00bbnone\u00bb row_border_radius_applies=\u00bbbg\u00bb overflow=\u00bbvisible\u00bb overlay_strength=\u00bb0.3&#8243; gradient_direction=\u00bbleft_to_right\u00bb shape_divider_position=\u00bbbottom\u00bb bg_image_animation=\u00bbnone\u00bb][vc_column column_padding=\u00bbno-extra-padding\u00bb column_padding_tablet=\u00bbinherit\u00bb column_padding_phone=\u00bbinherit\u00bb column_padding_position=\u00bball\u00bb&#8230;<\/p>\n","protected":false},"author":1,"featured_media":0,"parent":0,"menu_order":0,"comment_status":"closed","ping_status":"closed","template":"","meta":{"footnotes":""},"class_list":["post-7656","page","type-page","status-publish"],"_links":{"self":[{"href":"https:\/\/room66.it\/es\/wp-json\/wp\/v2\/pages\/7656","targetHints":{"allow":["GET"]}}],"collection":[{"href":"https:\/\/room66.it\/es\/wp-json\/wp\/v2\/pages"}],"about":[{"href":"https:\/\/room66.it\/es\/wp-json\/wp\/v2\/types\/page"}],"author":[{"embeddable":true,"href":"https:\/\/room66.it\/es\/wp-json\/wp\/v2\/users\/1"}],"replies":[{"embeddable":true,"href":"https:\/\/room66.it\/es\/wp-json\/wp\/v2\/comments?post=7656"}],"version-history":[{"count":3,"href":"https:\/\/room66.it\/es\/wp-json\/wp\/v2\/pages\/7656\/revisions"}],"predecessor-version":[{"id":8144,"href":"https:\/\/room66.it\/es\/wp-json\/wp\/v2\/pages\/7656\/revisions\/8144"}],"wp:attachment":[{"href":"https:\/\/room66.it\/es\/wp-json\/wp\/v2\/media?parent=7656"}],"curies":[{"name":"wp","href":"https:\/\/api.w.org\/{rel}","templated":true}]}}