{"id":8679,"date":"2017-08-31T18:42:32","date_gmt":"2017-08-31T18:42:32","guid":{"rendered":"https:\/\/room66.it\/privacy\/"},"modified":"2023-10-17T16:35:00","modified_gmt":"2023-10-17T16:35:00","slug":"privacy","status":"publish","type":"page","link":"https:\/\/room66.it\/es\/privacy\/","title":{"rendered":"Privacy"},"content":{"rendered":"[vc_row type=\u00bbfull_width_content\u00bb full_screen_row_position=\u00bbmiddle\u00bb column_margin=\u00bbdefault\u00bb equal_height=\u00bbyes\u00bb content_placement=\u00bbmiddle\u00bb column_direction=\u00bbdefault\u00bb column_direction_tablet=\u00bbdefault\u00bb column_direction_phone=\u00bbdefault\u00bb scene_position=\u00bbcenter\u00bb top_padding=\u00bb7%\u00bb bottom_padding=\u00bb7%\u00bb text_color=\u00bbdark\u00bb text_align=\u00bbleft\u00bb row_border_radius=\u00bbnone\u00bb row_border_radius_applies=\u00bbbg\u00bb overflow=\u00bbvisible\u00bb overlay_strength=\u00bb0.3&#8243; gradient_direction=\u00bbleft_to_right\u00bb shape_divider_position=\u00bbbottom\u00bb bg_image_animation=\u00bbnone\u00bb][vc_column column_padding=\u00bbpadding-6-percent\u00bb column_padding_tablet=\u00bbinherit\u00bb column_padding_phone=\u00bbinherit\u00bb column_padding_position=\u00bball\u00bb column_element_direction_desktop=\u00bbdefault\u00bb column_element_spacing=\u00bbdefault\u00bb desktop_text_alignment=\u00bbdefault\u00bb tablet_text_alignment=\u00bbdefault\u00bb phone_text_alignment=\u00bbdefault\u00bb background_color_opacity=\u00bb1&#8243; background_hover_color_opacity=\u00bb1&#8243; column_backdrop_filter=\u00bbnone\u00bb column_shadow=\u00bbnone\u00bb column_border_radius=\u00bbnone\u00bb column_link_target=\u00bb_self\u00bb column_position=\u00bbdefault\u00bb gradient_direction=\u00bbleft_to_right\u00bb overlay_strength=\u00bb0.3&#8243; width=\u00bb1\/6&#8243; tablet_width_inherit=\u00bbdefault\u00bb animation_type=\u00bbdefault\u00bb bg_image_animation=\u00bbnone\u00bb border_type=\u00bbsimple\u00bb column_border_width=\u00bbnone\u00bb column_border_style=\u00bbsolid\u00bb][\/vc_column][vc_column column_padding=\u00bbpadding-7-percent\u00bb column_padding_tablet=\u00bbinherit\u00bb column_padding_phone=\u00bbinherit\u00bb column_padding_position=\u00bbleft\u00bb column_element_direction_desktop=\u00bbdefault\u00bb column_element_spacing=\u00bbdefault\u00bb desktop_text_alignment=\u00bbdefault\u00bb tablet_text_alignment=\u00bbdefault\u00bb phone_text_alignment=\u00bbdefault\u00bb background_color_opacity=\u00bb1&#8243; background_hover_color_opacity=\u00bb1&#8243; column_backdrop_filter=\u00bbnone\u00bb column_shadow=\u00bbnone\u00bb column_border_radius=\u00bbnone\u00bb column_link_target=\u00bb_self\u00bb column_position=\u00bbdefault\u00bb gradient_direction=\u00bbleft_to_right\u00bb overlay_strength=\u00bb0.3&#8243; width=\u00bb2\/3&#8243; tablet_width_inherit=\u00bbdefault\u00bb animation_type=\u00bbdefault\u00bb bg_image_animation=\u00bbnone\u00bb border_type=\u00bbsimple\u00bb column_border_width=\u00bbnone\u00bb column_border_style=\u00bbsolid\u00bb][vc_column_text]\n<div id=\"np8hlinlineContent\" class=\"p2inlineContent\" data-reactid=\".0.$SITE_ROOT.$desktop_siteRoot.$PAGES_CONTAINER.$centeredContent.$inlineContent.$SITE_PAGES.$np8hl_DESKTOP.$inlineContent\">\n<div id=\"comp-ivtvl492\" class=\"txtNew\" data-reactid=\".0.$SITE_ROOT.$desktop_siteRoot.$PAGES_CONTAINER.$centeredContent.$inlineContent.$SITE_PAGES.$np8hl_DESKTOP.$inlineContent.$comp-ivtvl492\">\n<p class=\"font_8\">Aviso de conformidad con el Decreto Legislativo del 30\/06\/2003 \u00abC\u00d3DIGO DE LA PRIVACIDAD\u00bb<\/p>\n<p class=\"font_8\"><span class=\"wixGuard\">\u200b<\/span><\/p>\n<p class=\"font_8\">De acuerdo con el art. 13, Decreto Legislativo del 30 de junio de 2003 n.\u00b0 196, le INFORMAMOS que nuestra empresa Room66 Kitchen&amp;More procesa datos personales de clientes y proveedores, as\u00ed como de personas que proporcionan voluntariamente sus datos personales (por tel\u00e9fono, fax o correo electr\u00f3nico) a nuestro servicio comercial o direcci\u00f3n de la empresa, y aquellos cuyos datos se han recopilado de terceros en operaciones como la adquisici\u00f3n de datos externos para fines de informaci\u00f3n comercial, listados p\u00fablicos, etc., en este \u00faltimo caso, son exclusivamente datos personales de naturaleza com\u00fan.<\/p>\n<p class=\"font_8\">Nuestra empresa garantiza, dentro de los l\u00edmites legales, que el procesamiento de datos personales respeta los derechos y libertades fundamentales, as\u00ed como la dignidad de la persona involucrada, en particular en lo que respecta a la privacidad, la identidad personal y el derecho a la protecci\u00f3n de datos personales.<\/p>\n<p class=\"font_8\">Prop\u00f3sitos del procesamiento<\/p>\n<p class=\"font_8\">\u00a0\u00a0 \u00a0\u2022\u00a0\u00a0 \u00a0Cumplir con las obligaciones legales, regulaciones, normativas comunitarias, normas civiles y fiscales<\/p>\n<p class=\"font_8\">\u00a0\u00a0 \u00a0\u2022\u00a0\u00a0 \u00a0Cumplir con las posibles obligaciones contractuales hacia la persona involucrada<\/p>\n<p class=\"font_8\">\u00a0\u00a0 \u00a0\u2022\u00a0\u00a0 \u00a0Realizar actividades relacionadas con la actividad econ\u00f3mica de nuestra empresa, como la compilaci\u00f3n de archivos de clientes y estad\u00edsticas internas, facturaci\u00f3n, contabilidad de clientes y proveedores<\/p>\n<p class=\"font_8\">\u00a0\u00a0 \u00a0\u2022\u00a0\u00a0 \u00a0Fines comerciales, como el env\u00edo de informaci\u00f3n comercial y material publicitario (por correo, fax y correo electr\u00f3nico), marketing y estudios de mercado<\/p>\n<p class=\"font_8\">\u00a0\u00a0 \u00a0\u2022\u00a0\u00a0 \u00a0Protecci\u00f3n de cuentas y gesti\u00f3n de deudas<\/p>\n<p class=\"font_8\">\u00a0\u00a0 \u00a0\u2022\u00a0\u00a0 \u00a0Fines de seguro, en particular para el seguro de cr\u00e9dito<\/p>\n<p class=\"font_8\">FACULTAD DE PROPORCIONAR DATOS: De acuerdo con lo anterior, en lo que respecta a los datos de navegaci\u00f3n, el usuario es libre de proporcionar al editor\/propietario del procesamiento de datos adicionales para acceder a servicios espec\u00edficos como foros, boletines informativos, servicios de comercio electr\u00f3nico o solicitudes de informaci\u00f3n que desee enviar al sitio Room66, autorizando as\u00ed el procesamiento en los l\u00edmites y para los fines del servicio o la informaci\u00f3n solicitada.<\/p>\n<p class=\"font_8\">La no provisi\u00f3n puede hacer imposible la prestaci\u00f3n del servicio o la disponibilidad de la informaci\u00f3n. Tenga en cuenta que la aceptaci\u00f3n de las llamadas \u00abcookies\u00bb es una condici\u00f3n necesaria e indispensable para utilizar el servicio de consulta de p\u00e1ginas din\u00e1micas.<\/p>\n<p class=\"font_8\">COMUNICACI\u00d3N Y\/O DIVULGACI\u00d3N DE DATOS: Los datos personales de los usuarios se utilizan solo con el prop\u00f3sito de ejecutar el servicio o la prestaci\u00f3n solicitada y se comunican a terceros solo en los siguientes casos:<\/p>\n<p class=\"font_8\">A las instituciones crediticias con las que nuestra empresa mantiene relaciones para la gesti\u00f3n de cuentas\/deudas y la intermediaci\u00f3n financiera A todas las personas f\u00edsicas y\/o jur\u00eddicas, p\u00fablicas y\/o privadas (despachos de asesoramiento legal, administrativo y fiscal, tribunales de comercio, c\u00e1maras de comercio, etc.) cuando sea necesario para la prestaci\u00f3n del servicio solicitado por el usuario;<\/p>\n<p class=\"font_8\">la comunicaci\u00f3n es impuesta por obligaciones legales o reglamentarias, por orden de la autoridad p\u00fablica. o debido a cualquier acci\u00f3n de defensa judicial en caso de que los derechos de nuestros usuarios se vean perjudicados.<\/p>\n<p class=\"font_8\">Los datos personales que procesamos no est\u00e1n sujetos a difusi\u00f3n.<\/p>\n<p class=\"font_8\">PRIVACIDAD: Los datos son procesados por personas autorizadas con el uso de herramientas electr\u00f3nicas y \/ o manuales, en cumplimiento de las medidas de seguridad m\u00ednimas.<\/p>\n<p class=\"font_8\">Derechos de las personas involucradas<\/p>\n<p class=\"font_8\">Los titulares de los datos personales tienen el derecho, en cualquier momento, de obtener la confirmaci\u00f3n de la existencia o no de los mismos datos y conocer su contenido y origen, verificar su exactitud o solicitar su integraci\u00f3n o actualizaci\u00f3n, o correcci\u00f3n (Art. 7 del Decreto Legislativo 196\/03).<\/p>\n<p class=\"font_8\">De conformidad con el mismo art\u00edculo, el interesado tiene derecho a solicitar la cancelaci\u00f3n, transformaci\u00f3n en forma an\u00f3nima o bloqueo de los datos procesados en violaci\u00f3n de la ley, as\u00ed como oponerse en cualquier caso, por razones leg\u00edtimas, a su procesamiento. Las solicitudes deben dirigirse al responsable del tratamiento de datos.<\/p>\n<p class=\"font_8\">Pol\u00edtica de privacidad de terceros: esta pol\u00edtica de privacidad se refiere solo a este sitio.<\/p>\n<p class=\"font_8\">Se informa a los usuarios de que este sitio puede contener enlaces a otros sitios web para los que pueden estar previstas pol\u00edticas de privacidad diferentes, que pueden no coincidir con las adoptadas por Room66 Kitchen&amp;More.<\/p>\n<p class=\"font_8\">\u00daltima actualizaci\u00f3n: 01-09-2023<\/p>\n<\/div>\n<\/div>\n[\/vc_column_text][\/vc_column][vc_column column_padding=\u00bbno-extra-padding\u00bb column_padding_tablet=\u00bbinherit\u00bb column_padding_phone=\u00bbinherit\u00bb column_padding_position=\u00bball\u00bb column_element_direction_desktop=\u00bbdefault\u00bb column_element_spacing=\u00bbdefault\u00bb desktop_text_alignment=\u00bbdefault\u00bb tablet_text_alignment=\u00bbdefault\u00bb phone_text_alignment=\u00bbdefault\u00bb background_color_opacity=\u00bb1&#8243; background_hover_color_opacity=\u00bb1&#8243; column_backdrop_filter=\u00bbnone\u00bb column_shadow=\u00bbnone\u00bb column_border_radius=\u00bbnone\u00bb column_link_target=\u00bb_self\u00bb column_position=\u00bbdefault\u00bb gradient_direction=\u00bbleft_to_right\u00bb overlay_strength=\u00bb0.3&#8243; width=\u00bb1\/6&#8243; tablet_width_inherit=\u00bbdefault\u00bb animation_type=\u00bbdefault\u00bb bg_image_animation=\u00bbnone\u00bb border_type=\u00bbsimple\u00bb column_border_width=\u00bbnone\u00bb column_border_style=\u00bbsolid\u00bb][\/vc_column][\/vc_row][vc_row type=\u00bbfull_width_content\u00bb full_screen_row_position=\u00bbmiddle\u00bb column_margin=\u00bbdefault\u00bb equal_height=\u00bbyes\u00bb column_direction=\u00bbdefault\u00bb column_direction_tablet=\u00bbdefault\u00bb column_direction_phone=\u00bbdefault\u00bb scene_position=\u00bbcenter\u00bb text_color=\u00bbdark\u00bb text_align=\u00bbleft\u00bb row_border_radius=\u00bbnone\u00bb row_border_radius_applies=\u00bbbg\u00bb overflow=\u00bbvisible\u00bb overlay_strength=\u00bb0.3&#8243; gradient_direction=\u00bbleft_to_right\u00bb shape_divider_position=\u00bbbottom\u00bb bg_image_animation=\u00bbnone\u00bb][vc_column column_padding=\u00bbno-extra-padding\u00bb column_padding_tablet=\u00bbinherit\u00bb column_padding_phone=\u00bbinherit\u00bb column_padding_position=\u00bball\u00bb column_element_direction_desktop=\u00bbdefault\u00bb column_element_spacing=\u00bbdefault\u00bb desktop_text_alignment=\u00bbdefault\u00bb tablet_text_alignment=\u00bbdefault\u00bb phone_text_alignment=\u00bbdefault\u00bb background_color_opacity=\u00bb1&#8243; background_hover_color_opacity=\u00bb1&#8243; column_backdrop_filter=\u00bbnone\u00bb column_shadow=\u00bbnone\u00bb column_border_radius=\u00bbnone\u00bb column_link_target=\u00bb_self\u00bb column_position=\u00bbdefault\u00bb gradient_direction=\u00bbleft_to_right\u00bb overlay_strength=\u00bb0.3&#8243; width=\u00bb1\/1&#8243; tablet_width_inherit=\u00bbdefault\u00bb animation_type=\u00bbdefault\u00bb bg_image_animation=\u00bbnone\u00bb border_type=\u00bbsimple\u00bb column_border_width=\u00bbnone\u00bb column_border_style=\u00bbsolid\u00bb][\/vc_column][\/vc_row]\n","protected":false},"excerpt":{"rendered":"<p>[vc_row type=\u00bbfull_width_content\u00bb full_screen_row_position=\u00bbmiddle\u00bb column_margin=\u00bbdefault\u00bb equal_height=\u00bbyes\u00bb content_placement=\u00bbmiddle\u00bb column_direction=\u00bbdefault\u00bb column_direction_tablet=\u00bbdefault\u00bb column_direction_phone=\u00bbdefault\u00bb scene_position=\u00bbcenter\u00bb top_padding=\u00bb7%\u00bb bottom_padding=\u00bb7%\u00bb text_color=\u00bbdark\u00bb text_align=\u00bbleft\u00bb row_border_radius=\u00bbnone\u00bb row_border_radius_applies=\u00bbbg\u00bb overflow=\u00bbvisible\u00bb overlay_strength=\u00bb0.3&#8243; gradient_direction=\u00bbleft_to_right\u00bb shape_divider_position=\u00bbbottom\u00bb bg_image_animation=\u00bbnone\u00bb][vc_column column_padding=\u00bbpadding-6-percent\u00bb column_padding_tablet=\u00bbinherit\u00bb column_padding_phone=\u00bbinherit\u00bb&#8230;<\/p>\n","protected":false},"author":1,"featured_media":0,"parent":0,"menu_order":0,"comment_status":"closed","ping_status":"closed","template":"","meta":{"footnotes":""},"class_list":["post-8679","page","type-page","status-publish"],"_links":{"self":[{"href":"https:\/\/room66.it\/es\/wp-json\/wp\/v2\/pages\/8679","targetHints":{"allow":["GET"]}}],"collection":[{"href":"https:\/\/room66.it\/es\/wp-json\/wp\/v2\/pages"}],"about":[{"href":"https:\/\/room66.it\/es\/wp-json\/wp\/v2\/types\/page"}],"author":[{"embeddable":true,"href":"https:\/\/room66.it\/es\/wp-json\/wp\/v2\/users\/1"}],"replies":[{"embeddable":true,"href":"https:\/\/room66.it\/es\/wp-json\/wp\/v2\/comments?post=8679"}],"version-history":[{"count":1,"href":"https:\/\/room66.it\/es\/wp-json\/wp\/v2\/pages\/8679\/revisions"}],"predecessor-version":[{"id":8690,"href":"https:\/\/room66.it\/es\/wp-json\/wp\/v2\/pages\/8679\/revisions\/8690"}],"wp:attachment":[{"href":"https:\/\/room66.it\/es\/wp-json\/wp\/v2\/media?parent=8679"}],"curies":[{"name":"wp","href":"https:\/\/api.w.org\/{rel}","templated":true}]}}