{"id":9249,"date":"2023-01-04T11:48:39","date_gmt":"2023-01-04T11:48:39","guid":{"rendered":"https:\/\/room66.it\/prodotto\/tomasella-pared-del-salon\/"},"modified":"2023-10-22T11:30:54","modified_gmt":"2023-10-22T11:30:54","slug":"tomasella-pared-del-salon","status":"publish","type":"product","link":"https:\/\/room66.it\/es\/prodotto\/tomasella-pared-del-salon\/","title":{"rendered":"Tomasella pared del sal\u00f3n"},"content":{"rendered":"<p>Pared de sal\u00f3n Tomasella en chapa de roble natural y lacado c\u00e1\u00f1amo mate, longitud 260 cm con librer\u00eda Icaro y espejo.<\/p>\n<p>Transporte y montaje no incluidos en el precio.<\/p>\n","protected":false},"excerpt":{"rendered":"<p>Pared de sal\u00f3n Tomasella en chapa de roble natural y lacado c\u00e1\u00f1amo mate, longitud 260 cm con librer\u00eda Icaro y espejo. Transporte y montaje&#8230;<\/p>\n","protected":false},"featured_media":9250,"template":"","meta":[],"product_brand":[],"product_cat":[151],"product_tag":[],"class_list":{"0":"post-9249","1":"product","2":"type-product","3":"status-publish","4":"has-post-thumbnail","5":"product_cat-pared-del-salon","7":"first","8":"outofstock","9":"sale","10":"taxable","11":"shipping-taxable","12":"purchasable","13":"product-type-simple"},"_links":{"self":[{"href":"https:\/\/room66.it\/es\/wp-json\/wp\/v2\/product\/9249","targetHints":{"allow":["GET"]}}],"collection":[{"href":"https:\/\/room66.it\/es\/wp-json\/wp\/v2\/product"}],"about":[{"href":"https:\/\/room66.it\/es\/wp-json\/wp\/v2\/types\/product"}],"wp:featuredmedia":[{"embeddable":true,"href":"https:\/\/room66.it\/es\/wp-json\/wp\/v2\/media\/9250"}],"wp:attachment":[{"href":"https:\/\/room66.it\/es\/wp-json\/wp\/v2\/media?parent=9249"}],"wp:term":[{"taxonomy":"product_brand","embeddable":true,"href":"https:\/\/room66.it\/es\/wp-json\/wp\/v2\/product_brand?post=9249"},{"taxonomy":"product_cat","embeddable":true,"href":"https:\/\/room66.it\/es\/wp-json\/wp\/v2\/product_cat?post=9249"},{"taxonomy":"product_tag","embeddable":true,"href":"https:\/\/room66.it\/es\/wp-json\/wp\/v2\/product_tag?post=9249"}],"curies":[{"name":"wp","href":"https:\/\/api.w.org\/{rel}","templated":true}]}}