{"id":9274,"date":"2023-01-04T10:45:37","date_gmt":"2023-01-04T10:45:37","guid":{"rendered":"https:\/\/room66.it\/prodotto\/horno-microondas-bertazzoni-f457promwsx\/"},"modified":"2023-01-04T10:45:37","modified_gmt":"2023-01-04T10:45:37","slug":"horno-microondas-bertazzoni-f457promwsx","status":"publish","type":"product","link":"https:\/\/room66.it\/es\/prodotto\/horno-microondas-bertazzoni-f457promwsx\/","title":{"rendered":"HORNO MICROONDAS BERTAZZONI F457PROMWSX"},"content":{"rendered":"<p>Este microondas combinado de 60&#215;38 cm de la Serie Profesional tiene 7 funciones y ofrece todas las ventajas de un horno el\u00e9ctrico multifunci\u00f3n y un microondas en uno. Gracias a su doble nivel y a su cavidad de 25 litros, tiene una capacidad que garantiza cocinar para toda la familia. Sus dos tecnolog\u00edas ofrecen toda la versatilidad del modo ventilado, est\u00e1ndar o grill. El microondas dispone de 10 programas de cocci\u00f3n predefinidos. El funcionamiento se controla mediante los botones y la pantalla LED.<\/p>\n","protected":false},"excerpt":{"rendered":"<p>Bertazzoni F457PROMWSX Horno microondas combinado profesional cm. 60 &#8211; acero inoxidable ; Capacidad, 25 l ; Caracter\u00edsticas, Funci\u00f3n descongelaci\u00f3n. Grill Grill ventilado.<\/p>\n","protected":false},"featured_media":9275,"template":"","meta":[],"product_brand":[],"product_cat":[97],"product_tag":[],"class_list":{"0":"post-9274","1":"product","2":"type-product","3":"status-publish","4":"has-post-thumbnail","5":"product_cat-electrodomesticos","7":"first","8":"instock","9":"sale","10":"taxable","11":"shipping-taxable","12":"purchasable","13":"product-type-simple"},"_links":{"self":[{"href":"https:\/\/room66.it\/es\/wp-json\/wp\/v2\/product\/9274","targetHints":{"allow":["GET"]}}],"collection":[{"href":"https:\/\/room66.it\/es\/wp-json\/wp\/v2\/product"}],"about":[{"href":"https:\/\/room66.it\/es\/wp-json\/wp\/v2\/types\/product"}],"wp:featuredmedia":[{"embeddable":true,"href":"https:\/\/room66.it\/es\/wp-json\/wp\/v2\/media\/9275"}],"wp:attachment":[{"href":"https:\/\/room66.it\/es\/wp-json\/wp\/v2\/media?parent=9274"}],"wp:term":[{"taxonomy":"product_brand","embeddable":true,"href":"https:\/\/room66.it\/es\/wp-json\/wp\/v2\/product_brand?post=9274"},{"taxonomy":"product_cat","embeddable":true,"href":"https:\/\/room66.it\/es\/wp-json\/wp\/v2\/product_cat?post=9274"},{"taxonomy":"product_tag","embeddable":true,"href":"https:\/\/room66.it\/es\/wp-json\/wp\/v2\/product_tag?post=9274"}],"curies":[{"name":"wp","href":"https:\/\/api.w.org\/{rel}","templated":true}]}}