{"id":7652,"date":"2017-08-30T16:01:59","date_gmt":"2017-08-30T16:01:59","guid":{"rendered":"https:\/\/room66.it\/cucine-a-bolzano\/"},"modified":"2023-10-17T15:10:48","modified_gmt":"2023-10-17T15:10:48","slug":"cuisines-de-design","status":"publish","type":"page","link":"https:\/\/room66.it\/fr\/cuisines-de-design\/","title":{"rendered":"Cuisines de design"},"content":{"rendered":"[vc_row type=\u00a0\u00bbin_container\u00a0\u00bb full_screen_row_position=\u00a0\u00bbmiddle\u00a0\u00bb column_margin=\u00a0\u00bbdefault\u00a0\u00bb equal_height=\u00a0\u00bbyes\u00a0\u00bb content_placement=\u00a0\u00bbmiddle\u00a0\u00bb column_direction=\u00a0\u00bbdefault\u00a0\u00bb column_direction_tablet=\u00a0\u00bbdefault\u00a0\u00bb column_direction_phone=\u00a0\u00bbdefault\u00a0\u00bb scene_position=\u00a0\u00bbcenter\u00a0\u00bb top_padding=\u00a0\u00bb7%\u00a0\u00bb text_color=\u00a0\u00bbdark\u00a0\u00bb text_align=\u00a0\u00bbleft\u00a0\u00bb row_border_radius=\u00a0\u00bbnone\u00a0\u00bb row_border_radius_applies=\u00a0\u00bbbg\u00a0\u00bb overflow=\u00a0\u00bbvisible\u00a0\u00bb overlay_strength=\u00a0\u00bb0.3&Prime; gradient_direction=\u00a0\u00bbleft_to_right\u00a0\u00bb shape_divider_position=\u00a0\u00bbbottom\u00a0\u00bb bg_image_animation=\u00a0\u00bbnone\u00a0\u00bb][vc_column column_padding=\u00a0\u00bbno-extra-padding\u00a0\u00bb column_padding_tablet=\u00a0\u00bbinherit\u00a0\u00bb column_padding_phone=\u00a0\u00bbinherit\u00a0\u00bb column_padding_position=\u00a0\u00bball\u00a0\u00bb column_element_direction_desktop=\u00a0\u00bbdefault\u00a0\u00bb column_element_spacing=\u00a0\u00bbdefault\u00a0\u00bb desktop_text_alignment=\u00a0\u00bbdefault\u00a0\u00bb tablet_text_alignment=\u00a0\u00bbdefault\u00a0\u00bb phone_text_alignment=\u00a0\u00bbdefault\u00a0\u00bb background_color_opacity=\u00a0\u00bb1&Prime; background_hover_color_opacity=\u00a0\u00bb1&Prime; column_backdrop_filter=\u00a0\u00bbnone\u00a0\u00bb column_shadow=\u00a0\u00bbnone\u00a0\u00bb column_border_radius=\u00a0\u00bbnone\u00a0\u00bb column_link_target=\u00a0\u00bb_self\u00a0\u00bb column_position=\u00a0\u00bbdefault\u00a0\u00bb gradient_direction=\u00a0\u00bbleft_to_right\u00a0\u00bb overlay_strength=\u00a0\u00bb0.3&Prime; width=\u00a0\u00bb1\/1&Prime; tablet_width_inherit=\u00a0\u00bbdefault\u00a0\u00bb animation_type=\u00a0\u00bbdefault\u00a0\u00bb bg_image_animation=\u00a0\u00bbnone\u00a0\u00bb border_type=\u00a0\u00bbsimple\u00a0\u00bb column_border_width=\u00a0\u00bbnone\u00a0\u00bb column_border_style=\u00a0\u00bbsolid\u00a0\u00bb][vc_column_text css_animation=\u00a0\u00bbfadeIn\u00a0\u00bb]\n<h2>Notre mission dans la cr\u00e9ation de cuisines de design<\/h2>\n<p>Comment trouver de <strong>belles cuisines \u00e0 Bolzano et en Haut-Adige<\/strong> qui soient modernes tout en respectant l&rsquo;environnement qui nous entoure ?<\/p>\n<p>Des cuisines construites avec des composants solides et durables, capables de r\u00e9pondre \u00e0 nos attentes en mati\u00e8re de robustesse et d&rsquo;adaptabilit\u00e9. Naviguer dans la gamme des offres n&rsquo;est pas facile, c&rsquo;est pourquoi une <strong>expertise de l&rsquo;industrie<\/strong> est cruciale pour choisir la bonne direction dans l&rsquo;achat et la configuration d&rsquo;une cuisine sur mesure pour vous.<\/p>\n<h2>Pourquoi faire r\u00e9aliser une cuisine de design ?<\/h2>\n<ul>\n<li>Une cuisine de design est importante car elle peut consid\u00e9rablement am\u00e9liorer la fonctionnalit\u00e9 et l&rsquo;esth\u00e9tique d&rsquo;un espace cuisine. Une cuisine bien con\u00e7ue peut offrir une plus grande efficacit\u00e9, r\u00e9duire le gaspillage d&rsquo;espace et rendre la pr\u00e9paration des repas plus facile et plus agr\u00e9able.<\/li>\n<li>Une cuisine de design peut ajouter de la valeur \u00e0 une maison. Si vous pr\u00e9voyez de vendre votre maison \u00e0 l&rsquo;avenir, une cuisine bien con\u00e7ue et moderne peut attirer davantage d&rsquo;acheteurs et augmenter la valeur globale de la maison.<\/li>\n<li>Une cuisine de design peut \u00e9galement \u00eatre un \u00e9l\u00e9ment distinctif de la maison, refl\u00e9tant le style et la personnalit\u00e9 des propri\u00e9taires. Dans ce sens, la cuisine peut devenir un lieu de rassemblement pour la famille et les amis, o\u00f9 l&rsquo;on peut pr\u00e9parer et partager des repas dans un environnement confortable et accueillant.<\/li>\n<li>Une cuisine de design peut offrir une plus grande s\u00e9curit\u00e9 et hygi\u00e8ne. Une cuisine bien con\u00e7ue peut minimiser les risques d&rsquo;accidents domestiques, tels que les br\u00fblures ou les coupures, et faciliter le nettoyage et la d\u00e9sinfection des surfaces, r\u00e9duisant ainsi le risque de contamination alimentaire et de maladies.<\/li>\n<\/ul>\n<h2>Pourquoi est-il important de consulter pour une cuisine de design ?<\/h2>\n<ul>\n<li>La consultation pour les cuisines de design est importante car elle peut aider \u00e0 s&rsquo;assurer que la cuisine est bien con\u00e7ue et fonctionnelle. La consultation peut aider \u00e0 identifier les besoins sp\u00e9cifiques des propri\u00e9taires, tels que l&rsquo;espace disponible, les pr\u00e9f\u00e9rences esth\u00e9tiques et les besoins en mati\u00e8re de cuisine.<\/li>\n<li>De plus, un professionnel exp\u00e9riment\u00e9 en design de cuisine peut fournir des conseils sur les meilleures solutions de conception et le choix des mat\u00e9riaux et des appareils adapt\u00e9s aux besoins des propri\u00e9taires. La consultation peut \u00e9galement fournir des suggestions pour am\u00e9liorer l&rsquo;efficacit\u00e9 et l&rsquo;ergonomie de la cuisine, en optimisant les espaces et en minimisant le gaspillage.<\/li>\n<li>La consultation d&rsquo;un professionnel peut aider \u00e0 \u00e9viter des erreurs co\u00fbteuses et des probl\u00e8mes de s\u00e9curit\u00e9. Un designer exp\u00e9riment\u00e9 peut aider \u00e0 identifier tout probl\u00e8me de s\u00e9curit\u00e9 \u00e9ventuel dans la cuisine et proposer des solutions pour minimiser le risque d&rsquo;accidents domestiques.<\/li>\n<li>Une consultation pour les cuisines de design peut offrir une plus grande tranquillit\u00e9 d&rsquo;esprit pendant le processus de conception et de construction de la cuisine. Un professionnel exp\u00e9riment\u00e9 peut coordonner le travail entre les diff\u00e9rents professionnels impliqu\u00e9s dans le projet, tels que les architectes, les installateurs et les artisans, garantissant que le projet est men\u00e9 \u00e0 bien de la meilleure mani\u00e8re possible et dans le respect des d\u00e9lais et du budget \u00e9tablis.<\/li>\n<\/ul>\n<h2>Comment r\u00e9aliser le r\u00eave d&rsquo;une cuisine parfaite ?<\/h2>\n<p>Chaque projet de cuisine est individuel et extraordinaire.<br \/>\nC&rsquo;est pourquoi la cuisine parfaite est celle qui est adapt\u00e9e aux besoins personnels et aux habitudes du client.<br \/>\nD\u00e9couvrez les nombreuses possibilit\u00e9s de personnalisation contemporaine offertes.<br \/>\nTout est possible, des petits espaces de cuisine et des r\u00eaves \u00e0 la planification confortable d&rsquo;espaces pour toute la famille.<br \/>\nTout cela avec le plus haut degr\u00e9 d&rsquo;individualit\u00e9, de design exclusif et de fonctionnalit\u00e9 intelligente.<\/p>\n<p>Voil\u00e0 comment le r\u00eave d&rsquo;une nouvelle cuisine se r\u00e9alise !<\/p>\n[\/vc_column_text][vc_column_text]\n<h2>Notre S\u00e9lection<\/h2>\n<p>Nous avons soigneusement et professionnellement s\u00e9lectionn\u00e9 certaines des entreprises les plus importantes du secteur de la cuisine,<br \/>\nqui produisent des meubles de haute qualit\u00e9 sans jamais perdre de vue le bon rapport qualit\u00e9-prix, ce qui est de plus en plus essentiel aujourd&rsquo;hui.<br \/>\nCela nous permet de r\u00e9pondre aux diverses demandes dict\u00e9es par les besoins personnels et les habitudes de nos clients.<\/p>\n[\/vc_column_text][\/vc_column][\/vc_row][vc_row type=\u00a0\u00bbfull_width_background\u00a0\u00bb full_screen_row_position=\u00a0\u00bbmiddle\u00a0\u00bb column_margin=\u00a0\u00bbdefault\u00a0\u00bb equal_height=\u00a0\u00bbyes\u00a0\u00bb content_placement=\u00a0\u00bbmiddle\u00a0\u00bb column_direction=\u00a0\u00bbdefault\u00a0\u00bb column_direction_tablet=\u00a0\u00bbdefault\u00a0\u00bb column_direction_phone=\u00a0\u00bbdefault\u00a0\u00bb scene_position=\u00a0\u00bbcenter\u00a0\u00bb constrain_group_1=\u00a0\u00bbyes\u00a0\u00bb text_color=\u00a0\u00bbdark\u00a0\u00bb text_align=\u00a0\u00bbleft\u00a0\u00bb row_border_radius=\u00a0\u00bbnone\u00a0\u00bb row_border_radius_applies=\u00a0\u00bbbg\u00a0\u00bb overflow=\u00a0\u00bbvisible\u00a0\u00bb overlay_strength=\u00a0\u00bb0.3&Prime; gradient_direction=\u00a0\u00bbleft_to_right\u00a0\u00bb shape_divider_position=\u00a0\u00bbbottom\u00a0\u00bb bg_image_animation=\u00a0\u00bbnone\u00a0\u00bb shape_type=\u00a0\u00bb\u00a0\u00bb gradient_type=\u00a0\u00bbdefault\u00a0\u00bb][vc_column column_padding=\u00a0\u00bbno-extra-padding\u00a0\u00bb column_padding_tablet=\u00a0\u00bbinherit\u00a0\u00bb column_padding_phone=\u00a0\u00bbinherit\u00a0\u00bb column_padding_position=\u00a0\u00bball\u00a0\u00bb column_element_direction_desktop=\u00a0\u00bbdefault\u00a0\u00bb column_element_spacing=\u00a0\u00bbdefault\u00a0\u00bb desktop_text_alignment=\u00a0\u00bbdefault\u00a0\u00bb tablet_text_alignment=\u00a0\u00bbdefault\u00a0\u00bb phone_text_alignment=\u00a0\u00bbdefault\u00a0\u00bb background_color_opacity=\u00a0\u00bb1&Prime; background_hover_color_opacity=\u00a0\u00bb1&Prime; column_backdrop_filter=\u00a0\u00bbnone\u00a0\u00bb column_shadow=\u00a0\u00bbnone\u00a0\u00bb column_border_radius=\u00a0\u00bbnone\u00a0\u00bb column_link_target=\u00a0\u00bb_self\u00a0\u00bb column_position=\u00a0\u00bbdefault\u00a0\u00bb gradient_direction=\u00a0\u00bbleft_to_right\u00a0\u00bb overlay_strength=\u00a0\u00bb0.3&Prime; width=\u00a0\u00bb1\/1&Prime; tablet_width_inherit=\u00a0\u00bbdefault\u00a0\u00bb animation_type=\u00a0\u00bbdefault\u00a0\u00bb bg_image_animation=\u00a0\u00bbnone\u00a0\u00bb border_type=\u00a0\u00bbsimple\u00a0\u00bb column_border_width=\u00a0\u00bbnone\u00a0\u00bb column_border_style=\u00a0\u00bbsolid\u00a0\u00bb][nectar_global_section id=\u00a0\u00bb7243&Prime;][\/vc_column][\/vc_row]\n","protected":false},"excerpt":{"rendered":"<p>[vc_row type=\u00a0\u00bbin_container\u00a0\u00bb full_screen_row_position=\u00a0\u00bbmiddle\u00a0\u00bb column_margin=\u00a0\u00bbdefault\u00a0\u00bb equal_height=\u00a0\u00bbyes\u00a0\u00bb content_placement=\u00a0\u00bbmiddle\u00a0\u00bb column_direction=\u00a0\u00bbdefault\u00a0\u00bb column_direction_tablet=\u00a0\u00bbdefault\u00a0\u00bb column_direction_phone=\u00a0\u00bbdefault\u00a0\u00bb scene_position=\u00a0\u00bbcenter\u00a0\u00bb top_padding=\u00a0\u00bb7%\u00a0\u00bb text_color=\u00a0\u00bbdark\u00a0\u00bb text_align=\u00a0\u00bbleft\u00a0\u00bb row_border_radius=\u00a0\u00bbnone\u00a0\u00bb row_border_radius_applies=\u00a0\u00bbbg\u00a0\u00bb overflow=\u00a0\u00bbvisible\u00a0\u00bb overlay_strength=\u00a0\u00bb0.3&Prime; gradient_direction=\u00a0\u00bbleft_to_right\u00a0\u00bb shape_divider_position=\u00a0\u00bbbottom\u00a0\u00bb bg_image_animation=\u00a0\u00bbnone\u00a0\u00bb][vc_column column_padding=\u00a0\u00bbno-extra-padding\u00a0\u00bb column_padding_tablet=\u00a0\u00bbinherit\u00a0\u00bb column_padding_phone=\u00a0\u00bbinherit\u00a0\u00bb column_padding_position=\u00a0\u00bball\u00a0\u00bb&#8230;<\/p>\n","protected":false},"author":1,"featured_media":0,"parent":0,"menu_order":0,"comment_status":"closed","ping_status":"closed","template":"","meta":{"footnotes":""},"class_list":["post-7652","page","type-page","status-publish"],"_links":{"self":[{"href":"https:\/\/room66.it\/fr\/wp-json\/wp\/v2\/pages\/7652","targetHints":{"allow":["GET"]}}],"collection":[{"href":"https:\/\/room66.it\/fr\/wp-json\/wp\/v2\/pages"}],"about":[{"href":"https:\/\/room66.it\/fr\/wp-json\/wp\/v2\/types\/page"}],"author":[{"embeddable":true,"href":"https:\/\/room66.it\/fr\/wp-json\/wp\/v2\/users\/1"}],"replies":[{"embeddable":true,"href":"https:\/\/room66.it\/fr\/wp-json\/wp\/v2\/comments?post=7652"}],"version-history":[{"count":2,"href":"https:\/\/room66.it\/fr\/wp-json\/wp\/v2\/pages\/7652\/revisions"}],"predecessor-version":[{"id":7982,"href":"https:\/\/room66.it\/fr\/wp-json\/wp\/v2\/pages\/7652\/revisions\/7982"}],"wp:attachment":[{"href":"https:\/\/room66.it\/fr\/wp-json\/wp\/v2\/media?parent=7652"}],"curies":[{"name":"wp","href":"https:\/\/api.w.org\/{rel}","templated":true}]}}