{"id":9228,"date":"2023-01-04T11:43:04","date_gmt":"2023-01-04T11:43:04","guid":{"rendered":"https:\/\/room66.it\/prodotto\/chambre-a-coucher-tomasella\/"},"modified":"2023-10-24T10:16:29","modified_gmt":"2023-10-24T10:16:29","slug":"chambre-a-coucher-tomasella","status":"publish","type":"product","link":"https:\/\/room66.it\/fr\/prodotto\/chambre-a-coucher-tomasella\/","title":{"rendered":"Chambre \u00e0 coucher Tomasella"},"content":{"rendered":"<p>Tomasella, chambre \u00e0 coucher compos\u00e9e d&rsquo;un lit double avec t\u00eate de lit rembourr\u00e9e et anneau en placage de ch\u00eane thermocolor\u00e9, avec sommier orthop\u00e9dique 180&#215;200 cm.<br \/>\nArmoire avec 2 portes coulissantes laqu\u00e9es mat avec bandeau central en ch\u00eane thermocolor\u00e9, longueur 270 cm, hauteur 255 cm, avec tiroirs internes textur\u00e9s et lumi\u00e8re lat\u00e9rale interne.<br \/>\nMiroir mural en placage de ch\u00eane thermocolor\u00e9 180&#215;65 cm.<\/p>\n<p>Matelas non inclus<br \/>\nTransport et montage non compris dans le prix<\/p>\n","protected":false},"excerpt":{"rendered":"<p>Tomasella, chambre \u00e0 coucher avec lit double<\/p>\n","protected":false},"featured_media":9229,"template":"","meta":[],"product_brand":[],"product_cat":[100],"product_tag":[],"class_list":{"0":"post-9228","1":"product","2":"type-product","3":"status-publish","4":"has-post-thumbnail","5":"product_cat-chambre-a-coucher","7":"first","8":"outofstock","9":"sale","10":"taxable","11":"shipping-taxable","12":"purchasable","13":"product-type-simple"},"_links":{"self":[{"href":"https:\/\/room66.it\/fr\/wp-json\/wp\/v2\/product\/9228","targetHints":{"allow":["GET"]}}],"collection":[{"href":"https:\/\/room66.it\/fr\/wp-json\/wp\/v2\/product"}],"about":[{"href":"https:\/\/room66.it\/fr\/wp-json\/wp\/v2\/types\/product"}],"wp:featuredmedia":[{"embeddable":true,"href":"https:\/\/room66.it\/fr\/wp-json\/wp\/v2\/media\/9229"}],"wp:attachment":[{"href":"https:\/\/room66.it\/fr\/wp-json\/wp\/v2\/media?parent=9228"}],"wp:term":[{"taxonomy":"product_brand","embeddable":true,"href":"https:\/\/room66.it\/fr\/wp-json\/wp\/v2\/product_brand?post=9228"},{"taxonomy":"product_cat","embeddable":true,"href":"https:\/\/room66.it\/fr\/wp-json\/wp\/v2\/product_cat?post=9228"},{"taxonomy":"product_tag","embeddable":true,"href":"https:\/\/room66.it\/fr\/wp-json\/wp\/v2\/product_tag?post=9228"}],"curies":[{"name":"wp","href":"https:\/\/api.w.org\/{rel}","templated":true}]}}