{"id":9247,"date":"2023-01-04T10:45:37","date_gmt":"2023-01-04T10:45:37","guid":{"rendered":"https:\/\/room66.it\/prodotto\/four-a-micro-ondes-bertazzoni-f457promwsx\/"},"modified":"2023-01-04T10:45:37","modified_gmt":"2023-01-04T10:45:37","slug":"four-a-micro-ondes-bertazzoni-f457promwsx","status":"publish","type":"product","link":"https:\/\/room66.it\/fr\/prodotto\/four-a-micro-ondes-bertazzoni-f457promwsx\/","title":{"rendered":"FOUR A MICRO-ONDES BERTAZZONI F457PROMWSX"},"content":{"rendered":"<p>Ce four mixte 60&#215;38 cm de la S\u00e9rie Professionnelle dispose de 7 fonctions et offre tous les avantages d&rsquo;un four \u00e9lectrique multifonction et d&rsquo;un micro-ondes en un seul appareil. Gr\u00e2ce \u00e0 son double niveau et \u00e0 sa cavit\u00e9 de 25 litres, il a une capacit\u00e9 qui permet de cuisiner pour toute la famille. Ses deux technologies offrent toute la polyvalence des modes ventil\u00e9, standard ou gril. Le micro-ondes est livr\u00e9 avec 10 programmes de cuisson pr\u00e9r\u00e9gl\u00e9s. Le fonctionnement est contr\u00f4l\u00e9 par les boutons poussoirs et l&rsquo;\u00e9cran LED.<\/p>\n","protected":false},"excerpt":{"rendered":"<p>Bertazzoni F457PROMWSX Four \u00e0 micro-ondes combin\u00e9 professionnel cm. 60 &#8211; acier inoxydable ; Capacit\u00e9, 25 l ; Caract\u00e9ristiques, Fonction d\u00e9cong\u00e9lation. Grille Grille ventil\u00e9e.<\/p>\n","protected":false},"featured_media":9248,"template":"","meta":[],"product_brand":[],"product_cat":[96],"product_tag":[],"class_list":{"0":"post-9247","1":"product","2":"type-product","3":"status-publish","4":"has-post-thumbnail","5":"product_cat-les-appareils-menagers","7":"first","8":"instock","9":"sale","10":"taxable","11":"shipping-taxable","12":"purchasable","13":"product-type-simple"},"_links":{"self":[{"href":"https:\/\/room66.it\/fr\/wp-json\/wp\/v2\/product\/9247","targetHints":{"allow":["GET"]}}],"collection":[{"href":"https:\/\/room66.it\/fr\/wp-json\/wp\/v2\/product"}],"about":[{"href":"https:\/\/room66.it\/fr\/wp-json\/wp\/v2\/types\/product"}],"wp:featuredmedia":[{"embeddable":true,"href":"https:\/\/room66.it\/fr\/wp-json\/wp\/v2\/media\/9248"}],"wp:attachment":[{"href":"https:\/\/room66.it\/fr\/wp-json\/wp\/v2\/media?parent=9247"}],"wp:term":[{"taxonomy":"product_brand","embeddable":true,"href":"https:\/\/room66.it\/fr\/wp-json\/wp\/v2\/product_brand?post=9247"},{"taxonomy":"product_cat","embeddable":true,"href":"https:\/\/room66.it\/fr\/wp-json\/wp\/v2\/product_cat?post=9247"},{"taxonomy":"product_tag","embeddable":true,"href":"https:\/\/room66.it\/fr\/wp-json\/wp\/v2\/product_tag?post=9247"}],"curies":[{"name":"wp","href":"https:\/\/api.w.org\/{rel}","templated":true}]}}