{"id":9389,"date":"2023-10-19T12:52:38","date_gmt":"2023-10-19T12:52:38","guid":{"rendered":"https:\/\/room66.it\/?post_type=product&#038;p=9389"},"modified":"2023-10-22T11:44:32","modified_gmt":"2023-10-22T11:44:32","slug":"matelas-reverie-cassiopea","status":"publish","type":"product","link":"https:\/\/room66.it\/fr\/prodotto\/matelas-reverie-cassiopea\/","title":{"rendered":"MATELAS REVERIE CASSIOPEA"},"content":{"rendered":"<p>Matelas double Reverie Cassiopea 180&#215;200 cm<br \/>\nRev\u00eatement ext\u00e9rieur : Tissu Luxury en soie et viscose<br \/>\nRembourrage en duo coton et polyester de 500 gr\/m\u00b2<br \/>\nFermeture \u00e0 glissi\u00e8re divisible pour s\u00e9parer compl\u00e8tement les deux c\u00f4t\u00e9s de la housse<br \/>\nStructure interne du futon sup\u00e9rieur : Memorylife silver super fresh de 7 cm d&rsquo;\u00e9paisseur, avec de l&rsquo;argent agissant comme un agent antibact\u00e9rien \u00e0 effet rafra\u00eechissant<br \/>\nRev\u00eatement de protection en toile de coton fixe<br \/>\nStructure interne : Aqualife en relief \u00e0 haute densit\u00e9 avec 5 zones diff\u00e9renci\u00e9es de 3 cm d&rsquo;\u00e9paisseur<br \/>\nRessorts ensach\u00e9s super micro pocket, 2000 ressorts dans la version double<br \/>\nRessorts ensach\u00e9s micro avec bande centrale, supports et 7 zones diff\u00e9renci\u00e9es, 1700 ressorts dans la version double<br \/>\nDiaphragme en r\u00e9sine expans\u00e9e en contact avec les ressorts, \u00e9paisseur de 5 mm<br \/>\nAqualife \u00e0 haute densit\u00e9 de 3 cm d&rsquo;\u00e9paisseur<br \/>\nTissu de retenue en polycoton<br \/>\nStructure interne du futon inf\u00e9rieur : Latex naturel de 5 cm d&rsquo;\u00e9paisseur<br \/>\nSupport hautement respirant en Dryfeel de 2 cm d&rsquo;\u00e9paisseur<\/p>\n","protected":false},"excerpt":{"rendered":"<p>Matelas Reverie Cassiopea 180&#215;200 cm<br \/>\n-Tissu en 100 % fibre naturelle, viscose et soie aux propri\u00e9t\u00e9s isolantes, matelass\u00e9 avec un rembourrage en coton<br \/>\n-Fabrication \u00ab\u00a0everest\u00a0\u00bb avec des poches pour le surmatelas des deux c\u00f4t\u00e9s, avec la possibilit\u00e9 de choisir le surmatelas qui va \u00e0 l&rsquo;int\u00e9rieur<br \/>\n-Surmatelas en latex 100 % d&rsquo;origine naturelle associ\u00e9 \u00e0 du Dryfeel, un mat\u00e9riau hautement respirant pour maintenir le matelas au sec et a\u00e9r\u00e9<br \/>\n-Surmatelas en mousse \u00e0 m\u00e9moire de forme super silver fresh, mousse \u00e0 m\u00e9moire avec de l&rsquo;argent et des micro-particules rafra\u00eechissantes int\u00e9gr\u00e9es dans la mousse<br \/>\n-Mousse \u00e0 m\u00e9moire de forme \u00e0 haute densit\u00e9, mouss\u00e9e avec un m\u00e9lange de 16 cristaux + or + argent en collaboration avec BioCrystal. Ces cristaux lib\u00e8rent un flux d&rsquo;\u00e9nergie b\u00e9n\u00e9fique pour notre corps, un sommeil plus profond et, en se reposant, un bien-\u00eatre psychophysique et plus d&rsquo;\u00e9nergie au r\u00e9veil<br \/>\n-Surmatelas recouvert d&rsquo;un tissu en 100 % coton<br \/>\n-Structure interne avec 3700 super micro-ressorts \u00e0 zones diff\u00e9renci\u00e9es, surface de contact en relief \u00e0 zones diff\u00e9renci\u00e9es<\/p>\n","protected":false},"featured_media":9392,"template":"","meta":[],"product_brand":[],"product_cat":[100,153],"product_tag":[],"class_list":{"0":"post-9389","1":"product","2":"type-product","3":"status-publish","4":"has-post-thumbnail","5":"product_cat-chambre-a-coucher","6":"product_cat-matelas","8":"first","9":"outofstock","10":"sale","11":"taxable","12":"shipping-taxable","13":"purchasable","14":"product-type-simple"},"_links":{"self":[{"href":"https:\/\/room66.it\/fr\/wp-json\/wp\/v2\/product\/9389","targetHints":{"allow":["GET"]}}],"collection":[{"href":"https:\/\/room66.it\/fr\/wp-json\/wp\/v2\/product"}],"about":[{"href":"https:\/\/room66.it\/fr\/wp-json\/wp\/v2\/types\/product"}],"wp:featuredmedia":[{"embeddable":true,"href":"https:\/\/room66.it\/fr\/wp-json\/wp\/v2\/media\/9392"}],"wp:attachment":[{"href":"https:\/\/room66.it\/fr\/wp-json\/wp\/v2\/media?parent=9389"}],"wp:term":[{"taxonomy":"product_brand","embeddable":true,"href":"https:\/\/room66.it\/fr\/wp-json\/wp\/v2\/product_brand?post=9389"},{"taxonomy":"product_cat","embeddable":true,"href":"https:\/\/room66.it\/fr\/wp-json\/wp\/v2\/product_cat?post=9389"},{"taxonomy":"product_tag","embeddable":true,"href":"https:\/\/room66.it\/fr\/wp-json\/wp\/v2\/product_tag?post=9389"}],"curies":[{"name":"wp","href":"https:\/\/api.w.org\/{rel}","templated":true}]}}